{"id":1099,"date":"2022-02-24T12:02:11","date_gmt":"2022-02-24T10:02:11","guid":{"rendered":"https:\/\/babymemorybook.eu\/?page_id=1099"},"modified":"2022-09-26T16:18:32","modified_gmt":"2022-09-26T14:18:32","slug":"pieslegties","status":"publish","type":"page","link":"https:\/\/babymemorybook.eu\/en\/pieslegties\/","title":{"rendered":"Piesl\u0113gties"},"content":{"rendered":"<div data-elementor-type=\"wp-page\" data-elementor-id=\"1099\" class=\"elementor elementor-1099\" data-elementor-post-type=\"page\">\n\t\t\t\t\t\t\t\t\t<section class=\"elementor-section elementor-top-section elementor-element elementor-element-412d28e elementor-section-boxed elementor-section-height-default elementor-section-height-default\" data-id=\"412d28e\" data-element_type=\"section\">\n\t\t\t\t\t\t<div class=\"elementor-container elementor-column-gap-default\">\n\t\t\t\t\t<div class=\"elementor-column elementor-col-100 elementor-top-column elementor-element elementor-element-06531fc\" data-id=\"06531fc\" data-element_type=\"column\">\n\t\t\t<div class=\"elementor-widget-wrap elementor-element-populated\">\n\t\t\t\t\t\t\t\t<div class=\"elementor-element elementor-element-130d82a elementor-widget elementor-widget-spacer\" data-id=\"130d82a\" data-element_type=\"widget\" data-widget_type=\"spacer.default\">\n\t\t\t\t<div class=\"elementor-widget-container\">\n\t\t\t\t\t<div class=\"elementor-spacer\">\n\t\t\t<div class=\"elementor-spacer-inner\"><\/div>\n\t\t<\/div>\n\t\t\t\t<\/div>\n\t\t\t\t<\/div>\n\t\t\t\t\t<\/div>\n\t\t<\/div>\n\t\t\t\t\t\t\t<\/div>\n\t\t<\/section>\n\t\t\t\t<section class=\"elementor-section elementor-top-section elementor-element elementor-element-d8ae64b elementor-section-boxed elementor-section-height-default elementor-section-height-default\" data-id=\"d8ae64b\" data-element_type=\"section\">\n\t\t\t\t\t\t<div class=\"elementor-container elementor-column-gap-default\">\n\t\t\t\t\t<div class=\"elementor-column elementor-col-100 elementor-top-column elementor-element elementor-element-b1bc98c\" data-id=\"b1bc98c\" data-element_type=\"column\">\n\t\t\t<div class=\"elementor-widget-wrap elementor-element-populated\">\n\t\t\t\t\t\t\t\t<div class=\"elementor-element elementor-element-1a8a14e elementor-widget elementor-widget-heading\" data-id=\"1a8a14e\" data-element_type=\"widget\" data-widget_type=\"heading.default\">\n\t\t\t\t<div class=\"elementor-widget-container\">\n\t\t\t<h2 class=\"elementor-heading-title elementor-size-default\">Sign in<\/h2>\t\t<\/div>\n\t\t\t\t<\/div>\n\t\t\t\t\t<\/div>\n\t\t<\/div>\n\t\t\t\t\t\t\t<\/div>\n\t\t<\/section>\n\t\t\t\t<section class=\"elementor-section elementor-top-section elementor-element elementor-element-49dafbaf elementor-section-boxed elementor-section-height-default elementor-section-height-default\" data-id=\"49dafbaf\" data-element_type=\"section\">\n\t\t\t\t\t\t<div class=\"elementor-container elementor-column-gap-default\">\n\t\t\t\t\t<div class=\"elementor-column elementor-col-100 elementor-top-column elementor-element elementor-element-2bf57cc4\" data-id=\"2bf57cc4\" data-element_type=\"column\">\n\t\t\t<div class=\"elementor-widget-wrap elementor-element-populated\">\n\t\t\t\t\t\t\t\t<div class=\"elementor-element elementor-element-459eb38f elementor-widget elementor-widget-text-editor\" data-id=\"459eb38f\" data-element_type=\"widget\" data-widget_type=\"text-editor.default\">\n\t\t\t\t<div class=\"elementor-widget-container\">\n\t\t\t\t\t\t\t\n<p>\n<div class=\"um um-login um-645\">\n\n\t<div class=\"um-form\">\n\n\t\t<form method=\"post\" action=\"\" autocomplete=\"off\" data-trp-original-action=\"\">\n\n\t\t\t<div class=\"um-row _um_row_1  um-customized-row\" style=\"padding: 0px 0px 0px 0px;margin: 0px 0px 30px 0px;border-width: 0px 0px 0px 0px;border-style: solid;border-radius: 0px;color: #cc856b !important;\"><div class=\"um-col-1\"><div  id=\"um_field_645_username\" class=\"um-field um-field-text  um-field-username um-field-text um-field-type_text\" data-key=\"username\"><div class=\"um-field-area\"><input  autocomplete=\"off\" class=\"um-form-field valid\" type=\"text\" name=\"username-645\" id=\"username-645\" value=\"\" placeholder=\"Username or e-mail\" data-validate=\"unique_username_or_email\" data-key=\"username\" \/>\n\n\t\t\t\t\t\t<\/div><\/div><div  id=\"um_field_645_user_password\" class=\"um-field um-field-password  um-field-user_password um-field-password um-field-type_password\" data-key=\"user_password\"><div class=\"um-field-area\"><input class=\"um-form-field valid\" type=\"password\" name=\"user_password-645\" id=\"user_password-645\" value=\"\" placeholder=\"Password\" data-validate=\"\" data-key=\"user_password\" \/>\n\n\t\t\t\t\t\t\t<\/div><\/div><\/div><\/div>\t\t<input type=\"hidden\" name=\"form_id\" id=\"form_id_645\" value=\"645\" \/>\n\t\n\t<p class=\"um_request_name\">\n\t\t<label for=\"um_request_645\">Only fill in if you are not human<\/label>\n\t\t<input type=\"hidden\" name=\"um_request\" id=\"um_request_645\" class=\"input\" value=\"\" size=\"25\" autocomplete=\"off\" \/>\n\t<\/p>\n\n\t<input type=\"hidden\" name=\"redirect_to\" id=\"redirect_to\" value=\"https:\/\/babymemorybook.eu\/sakums\/\" \/><input type=\"hidden\" id=\"_wpnonce\" name=\"_wpnonce\" value=\"8ccc30325f\" \/><input type=\"hidden\" name=\"_wp_http_referer\" value=\"\/en\/wp-json\/wp\/v2\/pages\/1099\" \/>\n\t<div class=\"um-col-alt\">\n\n\t\t\n\n\t\t\t<div class=\"um-field um-field-c\">\n\t\t\t\t<div class=\"um-field-area\">\n\t\t\t\t\t<label class=\"um-field-checkbox\">\n\t\t\t\t\t\t<input type=\"checkbox\" name=\"rememberme\" value=\"1\"  \/>\n\t\t\t\t\t\t<span class=\"um-field-checkbox-state\"><i class=\"um-icon-android-checkbox-outline-blank\"><\/i><\/span>\n\t\t\t\t\t\t<span class=\"um-field-checkbox-option\"> Keep me signed in<\/span>\n\t\t\t\t\t<\/label>\n\t\t\t\t<\/div>\n\t\t\t<\/div>\n\n\t\t\t\t\t\t<div class=\"um-clear\"><\/div>\n\t\t\n\t\t\t<div class=\"um-left um-half\">\n\t\t\t\t<input type=\"submit\" value=\"Sign in\" class=\"um-button\" id=\"um-submit-btn\" \/>\n\t\t\t<\/div>\n\t\t\t<div class=\"um-right um-half\">\n\t\t\t\t<a href=\"https:\/\/babymemorybook.eu\/en\/register\/\" class=\"um-button um-alt\">\n\t\t\t\t\tRe\u0123istr\u0113ties\t\t\t\t<\/a>\n\t\t\t<\/div>\n\n\t\t\n\t\t<div class=\"um-clear\"><\/div>\n\n\t<\/div>\n\n\t\n\t<div class=\"um-col-alt-b\">\n\t\t<a href=\"https:\/\/babymemorybook.eu\/en\/password-reset\/\" class=\"um-link-alt\">\n\t\t\tForgot your password?\t\t<\/a>\n\t<\/div>\n\n\t\n\t\t<input type=\"hidden\" name=\"trp-form-language\" value=\"en\"\/><\/form>\n\n\t<\/div>\n\n<\/div>\n<style>\n\t\t\t.um-645.um {\n\t\t\tmax-width: 450px;\n\t\t}\n\t\t<\/style>\n<\/p>\n\t\t\t\t\t\t<\/div>\n\t\t\t\t<\/div>\n\t\t\t\t\t<\/div>\n\t\t<\/div>\n\t\t\t\t\t\t\t<\/div>\n\t\t<\/section>\n\t\t\t\t<section class=\"elementor-section elementor-top-section elementor-element elementor-element-979dfa2 elementor-section-boxed elementor-section-height-default elementor-section-height-default\" data-id=\"979dfa2\" data-element_type=\"section\">\n\t\t\t\t\t\t<div class=\"elementor-container elementor-column-gap-default\">\n\t\t\t\t\t<div class=\"elementor-column elementor-col-100 elementor-top-column elementor-element elementor-element-44afcf5\" data-id=\"44afcf5\" data-element_type=\"column\">\n\t\t\t<div class=\"elementor-widget-wrap elementor-element-populated\">\n\t\t\t\t\t\t\t\t<div class=\"elementor-element elementor-element-c860a23 elementor-widget elementor-widget-spacer\" data-id=\"c860a23\" data-element_type=\"widget\" data-widget_type=\"spacer.default\">\n\t\t\t\t<div class=\"elementor-widget-container\">\n\t\t\t\t\t<div class=\"elementor-spacer\">\n\t\t\t<div class=\"elementor-spacer-inner\"><\/div>\n\t\t<\/div>\n\t\t\t\t<\/div>\n\t\t\t\t<\/div>\n\t\t\t\t\t<\/div>\n\t\t<\/div>\n\t\t\t\t\t\t\t<\/div>\n\t\t<\/section>\n\t\t\t\t\t\t\t<\/div>","protected":false},"excerpt":{"rendered":"<p>Sign in<\/p>","protected":false},"author":2,"featured_media":0,"parent":0,"menu_order":0,"comment_status":"closed","ping_status":"closed","template":"elementor_header_footer","meta":{"_eb_attr":"","site-sidebar-layout":"default","site-content-layout":"default","ast-main-header-display":"","ast-hfb-above-header-display":"","ast-hfb-below-header-display":"","ast-hfb-mobile-header-display":"","site-post-title":"","ast-breadcrumbs-content":"","ast-featured-img":"","footer-sml-layout":"","theme-transparent-header-meta":"","adv-header-id-meta":"","stick-header-meta":"","header-above-stick-meta":"","header-main-stick-meta":"","header-below-stick-meta":"","footnotes":""},"class_list":["post-1099","page","type-page","status-publish","hentry"],"yoast_head":"<!-- This site is optimized with the Yoast SEO plugin v26.2 - https:\/\/yoast.com\/wordpress\/plugins\/seo\/ -->\n<title>Piesl\u0113gties - Baby Memory Book<\/title>\n<meta name=\"robots\" content=\"index, follow, max-snippet:-1, max-image-preview:large, max-video-preview:-1\" \/>\n<link rel=\"canonical\" href=\"https:\/\/babymemorybook.eu\/en\/pieslegties\/\" \/>\n<meta property=\"og:locale\" content=\"en_GB\" \/>\n<meta property=\"og:type\" content=\"article\" \/>\n<meta property=\"og:title\" content=\"Piesl\u0113gties - Baby Memory Book\" \/>\n<meta property=\"og:description\" content=\"Pievienoties\" \/>\n<meta property=\"og:url\" content=\"https:\/\/babymemorybook.eu\/en\/pieslegties\/\" \/>\n<meta property=\"og:site_name\" content=\"Baby Memory Book\" \/>\n<meta property=\"article:modified_time\" content=\"2022-09-26T14:18:32+00:00\" \/>\n<meta name=\"twitter:card\" content=\"summary_large_image\" \/>\n<meta name=\"twitter:label1\" content=\"Estimated reading time\" \/>\n\t<meta name=\"twitter:data1\" content=\"1 minute\" \/>\n<script type=\"application\/ld+json\" class=\"yoast-schema-graph\">{\"@context\":\"https:\/\/schema.org\",\"@graph\":[{\"@type\":\"WebPage\",\"@id\":\"https:\/\/babymemorybook.eu\/pieslegties\/\",\"url\":\"https:\/\/babymemorybook.eu\/pieslegties\/\",\"name\":\"Piesl\u0113gties - Baby Memory Book\",\"isPartOf\":{\"@id\":\"https:\/\/babymemorybook.eu\/#website\"},\"datePublished\":\"2022-02-24T10:02:11+00:00\",\"dateModified\":\"2022-09-26T14:18:32+00:00\",\"breadcrumb\":{\"@id\":\"https:\/\/babymemorybook.eu\/pieslegties\/#breadcrumb\"},\"inLanguage\":\"en-GB\",\"potentialAction\":[{\"@type\":\"ReadAction\",\"target\":[\"https:\/\/babymemorybook.eu\/pieslegties\/\"]}]},{\"@type\":\"BreadcrumbList\",\"@id\":\"https:\/\/babymemorybook.eu\/pieslegties\/#breadcrumb\",\"itemListElement\":[{\"@type\":\"ListItem\",\"position\":1,\"name\":\"Home\",\"item\":\"https:\/\/babymemorybook.eu\/\"},{\"@type\":\"ListItem\",\"position\":2,\"name\":\"Piesl\u0113gties\"}]},{\"@type\":\"WebSite\",\"@id\":\"https:\/\/babymemorybook.eu\/#website\",\"url\":\"https:\/\/babymemorybook.eu\/\",\"name\":\"Baby Memory Book\",\"description\":\"Aizpildi digit\u0101li un sa\u0146em druk\u0101t\u0101 versij\u0101\",\"publisher\":{\"@id\":\"https:\/\/babymemorybook.eu\/#organization\"},\"potentialAction\":[{\"@type\":\"SearchAction\",\"target\":{\"@type\":\"EntryPoint\",\"urlTemplate\":\"https:\/\/babymemorybook.eu\/?s={search_term_string}\"},\"query-input\":{\"@type\":\"PropertyValueSpecification\",\"valueRequired\":true,\"valueName\":\"search_term_string\"}}],\"inLanguage\":\"en-GB\"},{\"@type\":\"Organization\",\"@id\":\"https:\/\/babymemorybook.eu\/#organization\",\"name\":\"Baby Memory Book\",\"url\":\"https:\/\/babymemorybook.eu\/\",\"logo\":{\"@type\":\"ImageObject\",\"inLanguage\":\"en-GB\",\"@id\":\"https:\/\/babymemorybook.eu\/#\/schema\/logo\/image\/\",\"url\":\"https:\/\/babymemorybook.eu\/wp-content\/uploads\/2022\/03\/cropped-cropped-Baby-memory-book-3.png\",\"contentUrl\":\"https:\/\/babymemorybook.eu\/wp-content\/uploads\/2022\/03\/cropped-cropped-Baby-memory-book-3.png\",\"width\":448,\"height\":92,\"caption\":\"Baby Memory Book\"},\"image\":{\"@id\":\"https:\/\/babymemorybook.eu\/#\/schema\/logo\/image\/\"}}]}<\/script>\n<!-- \/ Yoast SEO plugin. -->","yoast_head_json":{"title":"Piesl\u0113gties - Baby Memory Book","robots":{"index":"index","follow":"follow","max-snippet":"max-snippet:-1","max-image-preview":"max-image-preview:large","max-video-preview":"max-video-preview:-1"},"canonical":"https:\/\/babymemorybook.eu\/en\/pieslegties\/","og_locale":"en_GB","og_type":"article","og_title":"Piesl\u0113gties - Baby Memory Book","og_description":"Pievienoties","og_url":"https:\/\/babymemorybook.eu\/en\/pieslegties\/","og_site_name":"Baby Memory Book","article_modified_time":"2022-09-26T14:18:32+00:00","twitter_card":"summary_large_image","twitter_misc":{"Estimated reading time":"1 minute"},"schema":{"@context":"https:\/\/schema.org","@graph":[{"@type":"WebPage","@id":"https:\/\/babymemorybook.eu\/pieslegties\/","url":"https:\/\/babymemorybook.eu\/pieslegties\/","name":"Piesl\u0113gties - Baby Memory Book","isPartOf":{"@id":"https:\/\/babymemorybook.eu\/#website"},"datePublished":"2022-02-24T10:02:11+00:00","dateModified":"2022-09-26T14:18:32+00:00","breadcrumb":{"@id":"https:\/\/babymemorybook.eu\/pieslegties\/#breadcrumb"},"inLanguage":"en-GB","potentialAction":[{"@type":"ReadAction","target":["https:\/\/babymemorybook.eu\/pieslegties\/"]}]},{"@type":"BreadcrumbList","@id":"https:\/\/babymemorybook.eu\/pieslegties\/#breadcrumb","itemListElement":[{"@type":"ListItem","position":1,"name":"Home","item":"https:\/\/babymemorybook.eu\/"},{"@type":"ListItem","position":2,"name":"Piesl\u0113gties"}]},{"@type":"WebSite","@id":"https:\/\/babymemorybook.eu\/#website","url":"https:\/\/babymemorybook.eu\/","name":"Baby Memory Book","description":"Aizpildi digit\u0101li un sa\u0146em druk\u0101t\u0101 versij\u0101","publisher":{"@id":"https:\/\/babymemorybook.eu\/#organization"},"potentialAction":[{"@type":"SearchAction","target":{"@type":"EntryPoint","urlTemplate":"https:\/\/babymemorybook.eu\/?s={search_term_string}"},"query-input":{"@type":"PropertyValueSpecification","valueRequired":true,"valueName":"search_term_string"}}],"inLanguage":"en-GB"},{"@type":"Organization","@id":"https:\/\/babymemorybook.eu\/#organization","name":"Baby Memory Book","url":"https:\/\/babymemorybook.eu\/","logo":{"@type":"ImageObject","inLanguage":"en-GB","@id":"https:\/\/babymemorybook.eu\/#\/schema\/logo\/image\/","url":"https:\/\/babymemorybook.eu\/wp-content\/uploads\/2022\/03\/cropped-cropped-Baby-memory-book-3.png","contentUrl":"https:\/\/babymemorybook.eu\/wp-content\/uploads\/2022\/03\/cropped-cropped-Baby-memory-book-3.png","width":448,"height":92,"caption":"Baby Memory Book"},"image":{"@id":"https:\/\/babymemorybook.eu\/#\/schema\/logo\/image\/"}}]}},"_links":{"self":[{"href":"https:\/\/babymemorybook.eu\/en\/wp-json\/wp\/v2\/pages\/1099","targetHints":{"allow":["GET"]}}],"collection":[{"href":"https:\/\/babymemorybook.eu\/en\/wp-json\/wp\/v2\/pages"}],"about":[{"href":"https:\/\/babymemorybook.eu\/en\/wp-json\/wp\/v2\/types\/page"}],"author":[{"embeddable":true,"href":"https:\/\/babymemorybook.eu\/en\/wp-json\/wp\/v2\/users\/2"}],"replies":[{"embeddable":true,"href":"https:\/\/babymemorybook.eu\/en\/wp-json\/wp\/v2\/comments?post=1099"}],"version-history":[{"count":0,"href":"https:\/\/babymemorybook.eu\/en\/wp-json\/wp\/v2\/pages\/1099\/revisions"}],"wp:attachment":[{"href":"https:\/\/babymemorybook.eu\/en\/wp-json\/wp\/v2\/media?parent=1099"}],"curies":[{"name":"wp","href":"https:\/\/api.w.org\/{rel}","templated":true}]}}