{"id":11198,"date":"2022-01-29T23:47:23","date_gmt":"2022-01-29T21:47:23","guid":{"rendered":"https:\/\/babymemorybook.eu\/kontakti\/"},"modified":"2024-07-04T20:54:26","modified_gmt":"2024-07-04T18:54:26","slug":"kontakti","status":"publish","type":"page","link":"https:\/\/babymemorybook.eu\/en\/kontakti\/","title":{"rendered":"Contact Us"},"content":{"rendered":"<div data-elementor-type=\"wp-page\" data-elementor-id=\"11198\" class=\"elementor elementor-11198\" data-elementor-post-type=\"page\">\n\t\t\t\t\t\t\t\t\t<section data-dce-background-color=\"#FFF3ED99\" class=\"elementor-section elementor-top-section elementor-element elementor-element-f0f7cbc elementor-section-boxed elementor-section-height-default elementor-section-height-default\" data-id=\"f0f7cbc\" data-element_type=\"section\" data-settings=\"{&quot;background_background&quot;:&quot;classic&quot;}\">\n\t\t\t\t\t\t<div class=\"elementor-container elementor-column-gap-default\">\n\t\t\t\t\t<div class=\"elementor-column elementor-col-100 elementor-top-column elementor-element elementor-element-9066b3b\" data-id=\"9066b3b\" data-element_type=\"column\">\n\t\t\t<div class=\"elementor-widget-wrap elementor-element-populated\">\n\t\t\t\t\t\t\t\t<div class=\"elementor-element elementor-element-59edfae elementor-widget elementor-widget-spacer\" data-id=\"59edfae\" data-element_type=\"widget\" data-widget_type=\"spacer.default\">\n\t\t\t\t<div class=\"elementor-widget-container\">\n\t\t\t\t\t<div class=\"elementor-spacer\">\n\t\t\t<div class=\"elementor-spacer-inner\"><\/div>\n\t\t<\/div>\n\t\t\t\t<\/div>\n\t\t\t\t<\/div>\n\t\t\t\t<div class=\"elementor-element elementor-element-294033c elementor-widget elementor-widget-heading\" data-id=\"294033c\" data-element_type=\"widget\" data-widget_type=\"heading.default\">\n\t\t\t\t<div class=\"elementor-widget-container\">\n\t\t\t<h1 class=\"elementor-heading-title elementor-size-default\">Contact Us<\/h1>\t\t<\/div>\n\t\t\t\t<\/div>\n\t\t\t\t<div class=\"elementor-element elementor-element-ee83ff3 elementor-widget elementor-widget-text-editor\" data-id=\"ee83ff3\" data-element_type=\"widget\" data-widget_type=\"text-editor.default\">\n\t\t\t\t<div class=\"elementor-widget-container\">\n\t\t\t\t\t\t\t<p class=\" translation-block\">If you have any questions, contact us by filling out the contact form below. We will answer as soon as possible.<\/p>\t\t\t\t\t\t<\/div>\n\t\t\t\t<\/div>\n\t\t\t\t<div class=\"elementor-element elementor-element-f7c1460 elementor-widget elementor-widget-spacer\" data-id=\"f7c1460\" data-element_type=\"widget\" data-widget_type=\"spacer.default\">\n\t\t\t\t<div class=\"elementor-widget-container\">\n\t\t\t\t\t<div class=\"elementor-spacer\">\n\t\t\t<div class=\"elementor-spacer-inner\"><\/div>\n\t\t<\/div>\n\t\t\t\t<\/div>\n\t\t\t\t<\/div>\n\t\t\t\t\t<\/div>\n\t\t<\/div>\n\t\t\t\t\t\t\t<\/div>\n\t\t<\/section>\n\t\t\t\t<section class=\"elementor-section elementor-top-section elementor-element elementor-element-5212092 elementor-section-boxed elementor-section-height-default elementor-section-height-default\" data-id=\"5212092\" data-element_type=\"section\">\n\t\t\t\t\t\t<div class=\"elementor-container elementor-column-gap-default\">\n\t\t\t\t\t<div class=\"elementor-column elementor-col-100 elementor-top-column elementor-element elementor-element-5a4913c\" data-id=\"5a4913c\" data-element_type=\"column\">\n\t\t\t<div class=\"elementor-widget-wrap elementor-element-populated\">\n\t\t\t\t\t\t\t\t<div class=\"elementor-element elementor-element-520eb78 elementor-widget elementor-widget-spacer\" data-id=\"520eb78\" data-element_type=\"widget\" data-widget_type=\"spacer.default\">\n\t\t\t\t<div class=\"elementor-widget-container\">\n\t\t\t\t\t<div class=\"elementor-spacer\">\n\t\t\t<div class=\"elementor-spacer-inner\"><\/div>\n\t\t<\/div>\n\t\t\t\t<\/div>\n\t\t\t\t<\/div>\n\t\t\t\t<div class=\"elementor-element elementor-element-4407c04 elementor-button-align-stretch elementor-widget elementor-widget-form\" data-id=\"4407c04\" data-element_type=\"widget\" data-settings=\"{&quot;step_next_label&quot;:&quot;Next&quot;,&quot;step_previous_label&quot;:&quot;Previous&quot;,&quot;button_width&quot;:&quot;100&quot;,&quot;dce_confirm_dialog_enabled&quot;:&quot;no&quot;,&quot;step_type&quot;:&quot;number_text&quot;,&quot;step_icon_shape&quot;:&quot;circle&quot;,&quot;label_icon_size&quot;:{&quot;unit&quot;:&quot;px&quot;,&quot;size&quot;:&quot;&quot;,&quot;sizes&quot;:[]},&quot;field_icon_size&quot;:{&quot;unit&quot;:&quot;px&quot;,&quot;size&quot;:&quot;&quot;,&quot;sizes&quot;:[]}}\" data-widget_type=\"form.default\">\n\t\t\t\t<div class=\"elementor-widget-container\">\n\t\t\t\t\t<form class=\"elementor-form\" method=\"post\" name=\"Kontaktforma\" action=\"\">\n\t\t\t<input type=\"hidden\" name=\"post_id\" value=\"11198\"\/>\n\t\t\t<input type=\"hidden\" name=\"form_id\" value=\"4407c04\"\/>\n\t\t\t<input type=\"hidden\" name=\"referer_title\" value=\"Baby Memory Book\" \/>\n\n\t\t\t\n\t\t\t<div class=\"elementor-form-fields-wrapper elementor-labels-above\">\n\t\t\t\t\t\t\t\t<div class=\"elementor-field-type-text elementor-field-group elementor-column elementor-field-group-name elementor-col-100\">\n\t\t\t\t\t\t\t\t\t\t\t\t<label for=\"form-field-name\" class=\"elementor-field-label\">\n\t\t\t\t\t\t\t\tName\t\t\t\t\t\t\t<\/label>\n\t\t\t\t\t\t\t\t\t\t\t\t\t\t<input size=\"1\" type=\"text\" name=\"form_fields[name]\" id=\"form-field-name\" class=\"elementor-field elementor-size-sm  elementor-field-textual\" placeholder=\"Name\">\n\t\t\t\t\t\t\t\t\t\t\t<\/div>\n\t\t\t\t\t\t\t\t<div class=\"elementor-field-type-email elementor-field-group elementor-column elementor-field-group-email elementor-col-100 elementor-field-required\">\n\t\t\t\t\t\t\t\t\t\t\t\t<label for=\"form-field-email\" class=\"elementor-field-label\">\n\t\t\t\t\t\t\t\tE-mail\t\t\t\t\t\t\t<\/label>\n\t\t\t\t\t\t\t\t\t\t\t\t\t\t<input size=\"1\" type=\"email\" name=\"form_fields[email]\" id=\"form-field-email\" class=\"elementor-field elementor-size-sm  elementor-field-textual\" placeholder=\"E-mail\" required=\"required\" aria-required=\"true\">\n\t\t\t\t\t\t\t\t\t\t\t<\/div>\n\t\t\t\t\t\t\t\t<div class=\"elementor-field-type-textarea elementor-field-group elementor-column elementor-field-group-message elementor-col-100\">\n\t\t\t\t\t\t\t\t\t\t\t\t<label for=\"form-field-message\" class=\"elementor-field-label\">\n\t\t\t\t\t\t\t\tMessage\t\t\t\t\t\t\t<\/label>\n\t\t\t\t\t\t<textarea class=\"elementor-field-textual elementor-field  elementor-size-sm\" name=\"form_fields[message]\" id=\"form-field-message\" rows=\"4\" placeholder=\"Message\"><\/textarea>\t\t\t\t<\/div>\n\t\t\t\t\t\t\t\t<div class=\"elementor-field-type-recaptcha_v3 elementor-field-group elementor-column elementor-field-group-field_811aa5a elementor-col-100 recaptcha_v3-bottomright\">\n\t\t\t\t\t<div class=\"elementor-field\" id=\"form-field-field_811aa5a\"><div class=\"elementor-g-recaptcha\" data-sitekey=\"6Le3vlEhAAAAABcOd0cCjM3BT_aWvepb-UNKCEp8\" data-type=\"v3\" data-action=\"Form\" data-badge=\"bottomright\" data-size=\"invisible\"><\/div><\/div>\t\t\t\t<\/div>\n\t\t\t\t\t\t\t\t<div class=\"elementor-field-group elementor-column elementor-field-type-submit elementor-col-100 e-form__buttons\">\n\t\t\t\t\t<button type=\"submit\" class=\"elementor-button elementor-size-lg\">\n\t\t\t\t\t\t<span >\n\t\t\t\t\t\t\t\t\t\t\t\t\t\t\t<span class=\"elementor-align-icon-left elementor-button-icon\">\n\t\t\t\t\t\t\t\t\t<i aria-hidden=\"true\" class=\"far fa-envelope\"><\/i>\t\t\t\t\t\t\t\t\t\t\t\t\t\t\t\t\t<\/span>\n\t\t\t\t\t\t\t\t\t\t\t\t\t\t\t\t\t\t\t\t\t\t<span class=\"elementor-button-text\">Send<\/span>\n\t\t\t\t\t\t\t\t\t\t\t\t\t<\/span>\n\t\t\t\t\t<\/button>\n\t\t\t\t<\/div>\n\t\t\t<\/div>\n\t\t<input type=\"hidden\" name=\"trp-form-language\" value=\"en\"\/><\/form>\n\t\t\t\t<\/div>\n\t\t\t\t<\/div>\n\t\t\t\t\t<\/div>\n\t\t<\/div>\n\t\t\t\t\t\t\t<\/div>\n\t\t<\/section>\n\t\t\t\t<section class=\"elementor-section elementor-top-section elementor-element elementor-element-8050372 elementor-section-boxed elementor-section-height-default elementor-section-height-default\" data-id=\"8050372\" data-element_type=\"section\">\n\t\t\t\t\t\t<div class=\"elementor-container elementor-column-gap-default\">\n\t\t\t\t\t<div class=\"elementor-column elementor-col-100 elementor-top-column elementor-element elementor-element-c41b1df\" data-id=\"c41b1df\" data-element_type=\"column\">\n\t\t\t<div class=\"elementor-widget-wrap elementor-element-populated\">\n\t\t\t\t\t\t\t\t<div class=\"elementor-element elementor-element-da1ada6 elementor-widget elementor-widget-text-editor\" data-id=\"da1ada6\" data-element_type=\"widget\" data-widget_type=\"text-editor.default\">\n\t\t\t\t<div class=\"elementor-widget-container\">\n\t\t\t\t\t\t\t<p class=\" translation-block\">The service is provided by Baby Memory Book Ltd., Reg. no. 40203433090, Marupe, Babite parish, Pinki, 3-20 Livu street, LV-2107.<\/p>\t\t\t\t\t\t<\/div>\n\t\t\t\t<\/div>\n\t\t\t\t\t<\/div>\n\t\t<\/div>\n\t\t\t\t\t\t\t<\/div>\n\t\t<\/section>\n\t\t\t\t\t\t\t<\/div>","protected":false},"excerpt":{"rendered":"<p>Kontakti Ja Tev ir radu\u0161ies jaut\u0101jumi, dro\u0161i sazinies ar mums, aizpildot zem\u0101k redzamo kontakformu vai raksti Whatsapp. Pakalpojumu nodro\u0161ina Baby Memory Book SIA, Re\u0123. nr.&nbsp;40203433090, M\u0101rupes nov., Bab\u012btes pag., Pi\u0146\u0137i, L\u012bvu iela 3 \u2013 20, LV-2107.&nbsp;<\/p>","protected":false},"author":1,"featured_media":0,"parent":0,"menu_order":0,"comment_status":"closed","ping_status":"closed","template":"","meta":{"_eb_attr":"","site-sidebar-layout":"no-sidebar","site-content-layout":"page-builder","ast-main-header-display":"","ast-hfb-above-header-display":"","ast-hfb-below-header-display":"","ast-hfb-mobile-header-display":"","site-post-title":"disabled","ast-breadcrumbs-content":"","ast-featured-img":"disabled","footer-sml-layout":"","theme-transparent-header-meta":"","adv-header-id-meta":"","stick-header-meta":"","header-above-stick-meta":"","header-main-stick-meta":"","header-below-stick-meta":"","footnotes":""},"class_list":["post-11198","page","type-page","status-publish","hentry"],"yoast_head":"<!-- This site is optimized with the Yoast SEO plugin v26.2 - https:\/\/yoast.com\/wordpress\/plugins\/seo\/ -->\n<title>Kontakti - Baby Memory Book<\/title>\n<meta name=\"robots\" content=\"index, follow, max-snippet:-1, max-image-preview:large, max-video-preview:-1\" \/>\n<link rel=\"canonical\" href=\"https:\/\/babymemorybook.eu\/en\/kontakti\/\" \/>\n<meta property=\"og:locale\" content=\"en_GB\" \/>\n<meta property=\"og:type\" content=\"article\" \/>\n<meta property=\"og:title\" content=\"Kontakti - Baby Memory Book\" \/>\n<meta property=\"og:description\" content=\"Kontakti Ja Tev ir radu\u0161ies jaut\u0101jumi, dro\u0161i sazinies ar mums, aizpildot zem\u0101k redzamo kontakformu vai raksti Whatsapp. Pakalpojumu nodro\u0161ina Baby Memory Book SIA, Re\u0123. nr.&nbsp;40203433090, M\u0101rupes nov., Bab\u012btes pag., Pi\u0146\u0137i, L\u012bvu iela 3 \u2013 20, LV-2107.&nbsp;\" \/>\n<meta property=\"og:url\" content=\"https:\/\/babymemorybook.eu\/en\/kontakti\/\" \/>\n<meta property=\"og:site_name\" content=\"Baby Memory Book\" \/>\n<meta property=\"article:modified_time\" content=\"2024-07-04T18:54:26+00:00\" \/>\n<meta name=\"twitter:card\" content=\"summary_large_image\" \/>\n<meta name=\"twitter:label1\" content=\"Estimated reading time\" \/>\n\t<meta name=\"twitter:data1\" content=\"1 minute\" \/>\n<script type=\"application\/ld+json\" class=\"yoast-schema-graph\">{\"@context\":\"https:\/\/schema.org\",\"@graph\":[{\"@type\":\"WebPage\",\"@id\":\"https:\/\/babymemorybook.eu\/kontakti\/\",\"url\":\"https:\/\/babymemorybook.eu\/kontakti\/\",\"name\":\"Kontakti - Baby Memory Book\",\"isPartOf\":{\"@id\":\"https:\/\/babymemorybook.eu\/#website\"},\"datePublished\":\"2022-01-29T21:47:23+00:00\",\"dateModified\":\"2024-07-04T18:54:26+00:00\",\"breadcrumb\":{\"@id\":\"https:\/\/babymemorybook.eu\/kontakti\/#breadcrumb\"},\"inLanguage\":\"en-GB\",\"potentialAction\":[{\"@type\":\"ReadAction\",\"target\":[\"https:\/\/babymemorybook.eu\/kontakti\/\"]}]},{\"@type\":\"BreadcrumbList\",\"@id\":\"https:\/\/babymemorybook.eu\/kontakti\/#breadcrumb\",\"itemListElement\":[{\"@type\":\"ListItem\",\"position\":1,\"name\":\"Home\",\"item\":\"https:\/\/babymemorybook.eu\/\"},{\"@type\":\"ListItem\",\"position\":2,\"name\":\"Kontakti\"}]},{\"@type\":\"WebSite\",\"@id\":\"https:\/\/babymemorybook.eu\/#website\",\"url\":\"https:\/\/babymemorybook.eu\/\",\"name\":\"Baby Memory Book\",\"description\":\"Aizpildi digit\u0101li un sa\u0146em druk\u0101t\u0101 versij\u0101\",\"publisher\":{\"@id\":\"https:\/\/babymemorybook.eu\/#organization\"},\"potentialAction\":[{\"@type\":\"SearchAction\",\"target\":{\"@type\":\"EntryPoint\",\"urlTemplate\":\"https:\/\/babymemorybook.eu\/?s={search_term_string}\"},\"query-input\":{\"@type\":\"PropertyValueSpecification\",\"valueRequired\":true,\"valueName\":\"search_term_string\"}}],\"inLanguage\":\"en-GB\"},{\"@type\":\"Organization\",\"@id\":\"https:\/\/babymemorybook.eu\/#organization\",\"name\":\"Baby Memory Book\",\"url\":\"https:\/\/babymemorybook.eu\/\",\"logo\":{\"@type\":\"ImageObject\",\"inLanguage\":\"en-GB\",\"@id\":\"https:\/\/babymemorybook.eu\/#\/schema\/logo\/image\/\",\"url\":\"https:\/\/babymemorybook.eu\/wp-content\/uploads\/2022\/03\/cropped-cropped-Baby-memory-book-3.png\",\"contentUrl\":\"https:\/\/babymemorybook.eu\/wp-content\/uploads\/2022\/03\/cropped-cropped-Baby-memory-book-3.png\",\"width\":448,\"height\":92,\"caption\":\"Baby Memory Book\"},\"image\":{\"@id\":\"https:\/\/babymemorybook.eu\/#\/schema\/logo\/image\/\"}}]}<\/script>\n<!-- \/ Yoast SEO plugin. -->","yoast_head_json":{"title":"Kontakti - Baby Memory Book","robots":{"index":"index","follow":"follow","max-snippet":"max-snippet:-1","max-image-preview":"max-image-preview:large","max-video-preview":"max-video-preview:-1"},"canonical":"https:\/\/babymemorybook.eu\/en\/kontakti\/","og_locale":"en_GB","og_type":"article","og_title":"Kontakti - Baby Memory Book","og_description":"Kontakti Ja Tev ir radu\u0161ies jaut\u0101jumi, dro\u0161i sazinies ar mums, aizpildot zem\u0101k redzamo kontakformu vai raksti Whatsapp. Pakalpojumu nodro\u0161ina Baby Memory Book SIA, Re\u0123. nr.&nbsp;40203433090, M\u0101rupes nov., Bab\u012btes pag., Pi\u0146\u0137i, L\u012bvu iela 3 \u2013 20, LV-2107.&nbsp;","og_url":"https:\/\/babymemorybook.eu\/en\/kontakti\/","og_site_name":"Baby Memory Book","article_modified_time":"2024-07-04T18:54:26+00:00","twitter_card":"summary_large_image","twitter_misc":{"Estimated reading time":"1 minute"},"schema":{"@context":"https:\/\/schema.org","@graph":[{"@type":"WebPage","@id":"https:\/\/babymemorybook.eu\/kontakti\/","url":"https:\/\/babymemorybook.eu\/kontakti\/","name":"Kontakti - Baby Memory Book","isPartOf":{"@id":"https:\/\/babymemorybook.eu\/#website"},"datePublished":"2022-01-29T21:47:23+00:00","dateModified":"2024-07-04T18:54:26+00:00","breadcrumb":{"@id":"https:\/\/babymemorybook.eu\/kontakti\/#breadcrumb"},"inLanguage":"en-GB","potentialAction":[{"@type":"ReadAction","target":["https:\/\/babymemorybook.eu\/kontakti\/"]}]},{"@type":"BreadcrumbList","@id":"https:\/\/babymemorybook.eu\/kontakti\/#breadcrumb","itemListElement":[{"@type":"ListItem","position":1,"name":"Home","item":"https:\/\/babymemorybook.eu\/"},{"@type":"ListItem","position":2,"name":"Kontakti"}]},{"@type":"WebSite","@id":"https:\/\/babymemorybook.eu\/#website","url":"https:\/\/babymemorybook.eu\/","name":"Baby Memory Book","description":"Aizpildi digit\u0101li un sa\u0146em druk\u0101t\u0101 versij\u0101","publisher":{"@id":"https:\/\/babymemorybook.eu\/#organization"},"potentialAction":[{"@type":"SearchAction","target":{"@type":"EntryPoint","urlTemplate":"https:\/\/babymemorybook.eu\/?s={search_term_string}"},"query-input":{"@type":"PropertyValueSpecification","valueRequired":true,"valueName":"search_term_string"}}],"inLanguage":"en-GB"},{"@type":"Organization","@id":"https:\/\/babymemorybook.eu\/#organization","name":"Baby Memory Book","url":"https:\/\/babymemorybook.eu\/","logo":{"@type":"ImageObject","inLanguage":"en-GB","@id":"https:\/\/babymemorybook.eu\/#\/schema\/logo\/image\/","url":"https:\/\/babymemorybook.eu\/wp-content\/uploads\/2022\/03\/cropped-cropped-Baby-memory-book-3.png","contentUrl":"https:\/\/babymemorybook.eu\/wp-content\/uploads\/2022\/03\/cropped-cropped-Baby-memory-book-3.png","width":448,"height":92,"caption":"Baby Memory Book"},"image":{"@id":"https:\/\/babymemorybook.eu\/#\/schema\/logo\/image\/"}}]}},"_links":{"self":[{"href":"https:\/\/babymemorybook.eu\/en\/wp-json\/wp\/v2\/pages\/11198","targetHints":{"allow":["GET"]}}],"collection":[{"href":"https:\/\/babymemorybook.eu\/en\/wp-json\/wp\/v2\/pages"}],"about":[{"href":"https:\/\/babymemorybook.eu\/en\/wp-json\/wp\/v2\/types\/page"}],"author":[{"embeddable":true,"href":"https:\/\/babymemorybook.eu\/en\/wp-json\/wp\/v2\/users\/1"}],"replies":[{"embeddable":true,"href":"https:\/\/babymemorybook.eu\/en\/wp-json\/wp\/v2\/comments?post=11198"}],"version-history":[{"count":3,"href":"https:\/\/babymemorybook.eu\/en\/wp-json\/wp\/v2\/pages\/11198\/revisions"}],"predecessor-version":[{"id":12824,"href":"https:\/\/babymemorybook.eu\/en\/wp-json\/wp\/v2\/pages\/11198\/revisions\/12824"}],"wp:attachment":[{"href":"https:\/\/babymemorybook.eu\/en\/wp-json\/wp\/v2\/media?parent=11198"}],"curies":[{"name":"wp","href":"https:\/\/api.w.org\/{rel}","templated":true}]}}