{"id":654,"date":"2022-01-30T15:25:56","date_gmt":"2022-01-30T13:25:56","guid":{"rendered":"https:\/\/babymemorybook.eu\/password-reset\/"},"modified":"2023-01-14T22:59:57","modified_gmt":"2023-01-14T20:59:57","slug":"password-reset","status":"publish","type":"page","link":"https:\/\/babymemorybook.eu\/en\/password-reset\/","title":{"rendered":"Forgot my password"},"content":{"rendered":"<div data-elementor-type=\"wp-page\" data-elementor-id=\"654\" class=\"elementor elementor-654\" data-elementor-post-type=\"page\">\n\t\t\t\t\t\t\t\t\t<section class=\"elementor-section elementor-top-section elementor-element elementor-element-8cd2049 elementor-section-boxed elementor-section-height-default elementor-section-height-default\" data-id=\"8cd2049\" data-element_type=\"section\">\n\t\t\t\t\t\t<div class=\"elementor-container elementor-column-gap-default\">\n\t\t\t\t\t<div class=\"elementor-column elementor-col-100 elementor-top-column elementor-element elementor-element-181c084\" data-id=\"181c084\" data-element_type=\"column\">\n\t\t\t<div class=\"elementor-widget-wrap elementor-element-populated\">\n\t\t\t\t\t\t\t\t<div class=\"elementor-element elementor-element-eb45dcb elementor-widget elementor-widget-spacer\" data-id=\"eb45dcb\" data-element_type=\"widget\" data-widget_type=\"spacer.default\">\n\t\t\t\t<div class=\"elementor-widget-container\">\n\t\t\t\t\t<div class=\"elementor-spacer\">\n\t\t\t<div class=\"elementor-spacer-inner\"><\/div>\n\t\t<\/div>\n\t\t\t\t<\/div>\n\t\t\t\t<\/div>\n\t\t\t\t\t<\/div>\n\t\t<\/div>\n\t\t\t\t\t\t\t<\/div>\n\t\t<\/section>\n\t\t\t\t<section class=\"elementor-section elementor-top-section elementor-element elementor-element-e72005c elementor-section-boxed elementor-section-height-default elementor-section-height-default\" data-id=\"e72005c\" data-element_type=\"section\">\n\t\t\t\t\t\t<div class=\"elementor-container elementor-column-gap-default\">\n\t\t\t\t\t<div class=\"elementor-column elementor-col-100 elementor-top-column elementor-element elementor-element-ca2bbc7\" data-id=\"ca2bbc7\" data-element_type=\"column\">\n\t\t\t<div class=\"elementor-widget-wrap elementor-element-populated\">\n\t\t\t\t\t\t\t\t<div class=\"elementor-element elementor-element-a9d15d0 elementor-widget elementor-widget-heading\" data-id=\"a9d15d0\" data-element_type=\"widget\" data-widget_type=\"heading.default\">\n\t\t\t\t<div class=\"elementor-widget-container\">\n\t\t\t<h2 class=\"elementor-heading-title elementor-size-default\">Forgot my password<\/h2>\t\t<\/div>\n\t\t\t\t<\/div>\n\t\t\t\t\t<\/div>\n\t\t<\/div>\n\t\t\t\t\t\t\t<\/div>\n\t\t<\/section>\n\t\t\t\t<section class=\"elementor-section elementor-top-section elementor-element elementor-element-bd9d15b elementor-section-boxed elementor-section-height-default elementor-section-height-default\" data-id=\"bd9d15b\" data-element_type=\"section\">\n\t\t\t\t\t\t<div class=\"elementor-container elementor-column-gap-default\">\n\t\t\t\t\t<div class=\"elementor-column elementor-col-100 elementor-top-column elementor-element elementor-element-a7bb0ac\" data-id=\"a7bb0ac\" data-element_type=\"column\">\n\t\t\t<div class=\"elementor-widget-wrap elementor-element-populated\">\n\t\t\t\t\t\t\t\t<div class=\"elementor-element elementor-element-1f302afb elementor-widget elementor-widget-text-editor\" data-id=\"1f302afb\" data-element_type=\"widget\" data-widget_type=\"text-editor.default\">\n\t\t\t\t<div class=\"elementor-widget-container\">\n\t\t\t\t\t\t\t\n<div class=\"um um-password um-um_password_id\">\n\t<div class=\"um-form\">\n\t\t<form method=\"post\" action=\"\" data-trp-original-action=\"\">\n\t\t\t\n\t\t\t\t<input type=\"hidden\" name=\"_um_password_reset\" id=\"_um_password_reset\" value=\"1\" \/>\n\n\t\t\t\t\t\t\t\t\t<div class=\"um-field um-field-block um-field-type_block\">\n\t\t\t\t\t\t<div class=\"um-field-block\">\n\t\t\t\t\t\t\t<div style=\"text-align:center;\">\n\t\t\t\t\t\t\t\tTo reset your password, please enter your email address or username below.\t\t\t\t\t\t\t<\/div>\n\t\t\t\t\t\t<\/div>\n\t\t\t\t\t<\/div>\n\t\t\t\t<div  id=\"um_field_um_password_id_username_b\" class=\"um-field um-field-text  um-field-username_b um-field-text um-field-type_text\" data-key=\"username_b\"><div class=\"um-field-area\"><input  autocomplete=\"off\" class=\"um-form-field valid\" type=\"text\" name=\"username_b\" id=\"username_b\" value=\"\" placeholder=\"Enter your username or email\" data-validate=\"\" data-key=\"username_b\" \/>\n\n\t\t\t\t\t\t<\/div><\/div>\n<div class=\"um-field\">\n\t<div class=\"g-recaptcha\" id=\"um-um_password_id\" data-type=\"image\" data-size=\"normal\" data-theme=\"light\" data-sitekey=\"6LdWLHskAAAAALl99fqkTteMP745vbLqsAqLA3zy\"><\/div>\n<\/div>\n\n\n<script type=\"text\/javascript\">\n\t\n\t\tvar onloadCallback = function () {\n\t\t\tjQuery('.g-recaptcha').each( function (i) {\n\t\t\t\tgrecaptcha.render( jQuery(this).attr('id'), {\n\t\t\t\t\t'sitekey': jQuery(this).attr('data-sitekey'),\n\t\t\t\t\t'theme': jQuery(this).attr('data-theme')\n\t\t\t\t});\n\t\t\t});\n\t\t};\n\n\t\tfunction um_recaptcha_refresh() {\n\t\t\tjQuery('.g-recaptcha').html('');\n\t\t\tgrecaptcha.reset();\n\t\t\tonloadCallback();\n\t\t}\n\n\t<\/script>\n\n\t\t\t\t<div class=\"um-col-alt um-col-alt-b\">\n\n\t\t\t\t\t<div class=\"um-center\">\n\t\t\t\t\t\t<input type=\"submit\" value=\"Reset password\" class=\"um-button\" id=\"um-submit-btn\" \/>\n\t\t\t\t\t<\/div>\n\n\t\t\t\t\t<div class=\"um-clear\"><\/div>\n\n\t\t\t\t<\/div>\n\n\t\t\t\t\t\t<input type=\"hidden\" name=\"form_id\" id=\"form_id_um_password_id\" value=\"um_password_id\" \/>\n\t\n\t<p class=\"um_request_name\">\n\t\t<label for=\"um_request_um_password_id\">Only fill in if you are not human<\/label>\n\t\t<input type=\"hidden\" name=\"um_request\" id=\"um_request_um_password_id\" class=\"input\" value=\"\" size=\"25\" autocomplete=\"off\" \/>\n\t<\/p>\n\n\t\t\t<input type=\"hidden\" name=\"trp-form-language\" value=\"en\"\/><\/form>\n\t<\/div>\n<\/div>\n<style>\n\t\t\t.um-um_password_id.um {\n\t\t\tmax-width: 450px;\n\t\t}\n\t\t<\/style>\n\t\t\t\t\t\t<\/div>\n\t\t\t\t<\/div>\n\t\t\t\t\t<\/div>\n\t\t<\/div>\n\t\t\t\t\t\t\t<\/div>\n\t\t<\/section>\n\t\t\t\t<section class=\"elementor-section elementor-top-section elementor-element elementor-element-00cc541 elementor-section-boxed elementor-section-height-default elementor-section-height-default\" data-id=\"00cc541\" data-element_type=\"section\">\n\t\t\t\t\t\t<div class=\"elementor-container elementor-column-gap-default\">\n\t\t\t\t\t<div class=\"elementor-column elementor-col-100 elementor-top-column elementor-element elementor-element-77ba513\" data-id=\"77ba513\" data-element_type=\"column\">\n\t\t\t<div class=\"elementor-widget-wrap elementor-element-populated\">\n\t\t\t\t\t\t\t\t<div class=\"elementor-element elementor-element-3a15559 elementor-widget elementor-widget-text-editor\" data-id=\"3a15559\" data-element_type=\"widget\" data-widget_type=\"text-editor.default\">\n\t\t\t\t<div class=\"elementor-widget-container\">\n\t\t\t\t\t\t\t<p>P.S. Please check \"Spam\" folder for password reset email.<\/p>\t\t\t\t\t\t<\/div>\n\t\t\t\t<\/div>\n\t\t\t\t\t<\/div>\n\t\t<\/div>\n\t\t\t\t\t\t\t<\/div>\n\t\t<\/section>\n\t\t\t\t\t\t\t<\/div>","protected":false},"excerpt":{"rendered":"<p>Paroles mai\u0146a P.S. Paroles atjaunin\u0101\u0161anas e-pasts var b\u016bt nos\u016bt\u012bts map\u0113 &#8220;Spam&#8221;.<\/p>","protected":false},"author":1,"featured_media":0,"parent":0,"menu_order":0,"comment_status":"closed","ping_status":"closed","template":"elementor_header_footer","meta":{"_eb_attr":"","site-sidebar-layout":"default","site-content-layout":"default","ast-main-header-display":"","ast-hfb-above-header-display":"","ast-hfb-below-header-display":"","ast-hfb-mobile-header-display":"","site-post-title":"","ast-breadcrumbs-content":"","ast-featured-img":"","footer-sml-layout":"","theme-transparent-header-meta":"","adv-header-id-meta":"","stick-header-meta":"","header-above-stick-meta":"","header-main-stick-meta":"","header-below-stick-meta":"","footnotes":""},"class_list":["post-654","page","type-page","status-publish","hentry"],"yoast_head":"<!-- This site is optimized with the Yoast SEO plugin v26.2 - https:\/\/yoast.com\/wordpress\/plugins\/seo\/ -->\n<title>Paroles mai\u0146a - Baby Memory Book<\/title>\n<meta name=\"robots\" content=\"index, follow, max-snippet:-1, max-image-preview:large, max-video-preview:-1\" \/>\n<link rel=\"canonical\" href=\"https:\/\/babymemorybook.eu\/en\/password-reset\/\" \/>\n<meta property=\"og:locale\" content=\"en_GB\" \/>\n<meta property=\"og:type\" content=\"article\" \/>\n<meta property=\"og:title\" content=\"Paroles mai\u0146a - Baby Memory Book\" \/>\n<meta property=\"og:description\" content=\"Paroles mai\u0146a P.S. Paroles atjaunin\u0101\u0161anas e-pasts var b\u016bt nos\u016bt\u012bts map\u0113 &#8220;Spam&#8221;.\" \/>\n<meta property=\"og:url\" content=\"https:\/\/babymemorybook.eu\/en\/password-reset\/\" \/>\n<meta property=\"og:site_name\" content=\"Baby Memory Book\" \/>\n<meta property=\"article:modified_time\" content=\"2023-01-14T20:59:57+00:00\" \/>\n<meta name=\"twitter:card\" content=\"summary_large_image\" \/>\n<meta name=\"twitter:label1\" content=\"Estimated reading time\" \/>\n\t<meta name=\"twitter:data1\" content=\"1 minute\" \/>\n<script type=\"application\/ld+json\" class=\"yoast-schema-graph\">{\"@context\":\"https:\/\/schema.org\",\"@graph\":[{\"@type\":\"WebPage\",\"@id\":\"https:\/\/babymemorybook.eu\/password-reset\/\",\"url\":\"https:\/\/babymemorybook.eu\/password-reset\/\",\"name\":\"Paroles mai\u0146a - Baby Memory Book\",\"isPartOf\":{\"@id\":\"https:\/\/babymemorybook.eu\/#website\"},\"datePublished\":\"2022-01-30T13:25:56+00:00\",\"dateModified\":\"2023-01-14T20:59:57+00:00\",\"breadcrumb\":{\"@id\":\"https:\/\/babymemorybook.eu\/password-reset\/#breadcrumb\"},\"inLanguage\":\"en-GB\",\"potentialAction\":[{\"@type\":\"ReadAction\",\"target\":[\"https:\/\/babymemorybook.eu\/password-reset\/\"]}]},{\"@type\":\"BreadcrumbList\",\"@id\":\"https:\/\/babymemorybook.eu\/password-reset\/#breadcrumb\",\"itemListElement\":[{\"@type\":\"ListItem\",\"position\":1,\"name\":\"Home\",\"item\":\"https:\/\/babymemorybook.eu\/\"},{\"@type\":\"ListItem\",\"position\":2,\"name\":\"Paroles mai\u0146a\"}]},{\"@type\":\"WebSite\",\"@id\":\"https:\/\/babymemorybook.eu\/#website\",\"url\":\"https:\/\/babymemorybook.eu\/\",\"name\":\"Baby Memory Book\",\"description\":\"Aizpildi digit\u0101li un sa\u0146em druk\u0101t\u0101 versij\u0101\",\"publisher\":{\"@id\":\"https:\/\/babymemorybook.eu\/#organization\"},\"potentialAction\":[{\"@type\":\"SearchAction\",\"target\":{\"@type\":\"EntryPoint\",\"urlTemplate\":\"https:\/\/babymemorybook.eu\/?s={search_term_string}\"},\"query-input\":{\"@type\":\"PropertyValueSpecification\",\"valueRequired\":true,\"valueName\":\"search_term_string\"}}],\"inLanguage\":\"en-GB\"},{\"@type\":\"Organization\",\"@id\":\"https:\/\/babymemorybook.eu\/#organization\",\"name\":\"Baby Memory Book\",\"url\":\"https:\/\/babymemorybook.eu\/\",\"logo\":{\"@type\":\"ImageObject\",\"inLanguage\":\"en-GB\",\"@id\":\"https:\/\/babymemorybook.eu\/#\/schema\/logo\/image\/\",\"url\":\"https:\/\/babymemorybook.eu\/wp-content\/uploads\/2022\/03\/cropped-cropped-Baby-memory-book-3.png\",\"contentUrl\":\"https:\/\/babymemorybook.eu\/wp-content\/uploads\/2022\/03\/cropped-cropped-Baby-memory-book-3.png\",\"width\":448,\"height\":92,\"caption\":\"Baby Memory Book\"},\"image\":{\"@id\":\"https:\/\/babymemorybook.eu\/#\/schema\/logo\/image\/\"}}]}<\/script>\n<!-- \/ Yoast SEO plugin. -->","yoast_head_json":{"title":"Paroles mai\u0146a - Baby Memory Book","robots":{"index":"index","follow":"follow","max-snippet":"max-snippet:-1","max-image-preview":"max-image-preview:large","max-video-preview":"max-video-preview:-1"},"canonical":"https:\/\/babymemorybook.eu\/en\/password-reset\/","og_locale":"en_GB","og_type":"article","og_title":"Paroles mai\u0146a - Baby Memory Book","og_description":"Paroles mai\u0146a P.S. Paroles atjaunin\u0101\u0161anas e-pasts var b\u016bt nos\u016bt\u012bts map\u0113 &#8220;Spam&#8221;.","og_url":"https:\/\/babymemorybook.eu\/en\/password-reset\/","og_site_name":"Baby Memory Book","article_modified_time":"2023-01-14T20:59:57+00:00","twitter_card":"summary_large_image","twitter_misc":{"Estimated reading time":"1 minute"},"schema":{"@context":"https:\/\/schema.org","@graph":[{"@type":"WebPage","@id":"https:\/\/babymemorybook.eu\/password-reset\/","url":"https:\/\/babymemorybook.eu\/password-reset\/","name":"Paroles mai\u0146a - Baby Memory Book","isPartOf":{"@id":"https:\/\/babymemorybook.eu\/#website"},"datePublished":"2022-01-30T13:25:56+00:00","dateModified":"2023-01-14T20:59:57+00:00","breadcrumb":{"@id":"https:\/\/babymemorybook.eu\/password-reset\/#breadcrumb"},"inLanguage":"en-GB","potentialAction":[{"@type":"ReadAction","target":["https:\/\/babymemorybook.eu\/password-reset\/"]}]},{"@type":"BreadcrumbList","@id":"https:\/\/babymemorybook.eu\/password-reset\/#breadcrumb","itemListElement":[{"@type":"ListItem","position":1,"name":"Home","item":"https:\/\/babymemorybook.eu\/"},{"@type":"ListItem","position":2,"name":"Paroles mai\u0146a"}]},{"@type":"WebSite","@id":"https:\/\/babymemorybook.eu\/#website","url":"https:\/\/babymemorybook.eu\/","name":"Baby Memory Book","description":"Aizpildi digit\u0101li un sa\u0146em druk\u0101t\u0101 versij\u0101","publisher":{"@id":"https:\/\/babymemorybook.eu\/#organization"},"potentialAction":[{"@type":"SearchAction","target":{"@type":"EntryPoint","urlTemplate":"https:\/\/babymemorybook.eu\/?s={search_term_string}"},"query-input":{"@type":"PropertyValueSpecification","valueRequired":true,"valueName":"search_term_string"}}],"inLanguage":"en-GB"},{"@type":"Organization","@id":"https:\/\/babymemorybook.eu\/#organization","name":"Baby Memory Book","url":"https:\/\/babymemorybook.eu\/","logo":{"@type":"ImageObject","inLanguage":"en-GB","@id":"https:\/\/babymemorybook.eu\/#\/schema\/logo\/image\/","url":"https:\/\/babymemorybook.eu\/wp-content\/uploads\/2022\/03\/cropped-cropped-Baby-memory-book-3.png","contentUrl":"https:\/\/babymemorybook.eu\/wp-content\/uploads\/2022\/03\/cropped-cropped-Baby-memory-book-3.png","width":448,"height":92,"caption":"Baby Memory Book"},"image":{"@id":"https:\/\/babymemorybook.eu\/#\/schema\/logo\/image\/"}}]}},"_links":{"self":[{"href":"https:\/\/babymemorybook.eu\/en\/wp-json\/wp\/v2\/pages\/654","targetHints":{"allow":["GET"]}}],"collection":[{"href":"https:\/\/babymemorybook.eu\/en\/wp-json\/wp\/v2\/pages"}],"about":[{"href":"https:\/\/babymemorybook.eu\/en\/wp-json\/wp\/v2\/types\/page"}],"author":[{"embeddable":true,"href":"https:\/\/babymemorybook.eu\/en\/wp-json\/wp\/v2\/users\/1"}],"replies":[{"embeddable":true,"href":"https:\/\/babymemorybook.eu\/en\/wp-json\/wp\/v2\/comments?post=654"}],"version-history":[{"count":0,"href":"https:\/\/babymemorybook.eu\/en\/wp-json\/wp\/v2\/pages\/654\/revisions"}],"wp:attachment":[{"href":"https:\/\/babymemorybook.eu\/en\/wp-json\/wp\/v2\/media?parent=654"}],"curies":[{"name":"wp","href":"https:\/\/api.w.org\/{rel}","templated":true}]}}