{"id":750,"date":"2022-02-03T16:46:15","date_gmt":"2022-02-03T14:46:15","guid":{"rendered":"https:\/\/babymemorybook.eu\/?page_id=750"},"modified":"2023-10-22T16:44:59","modified_gmt":"2023-10-22T14:44:59","slug":"grozs","status":"publish","type":"page","link":"https:\/\/babymemorybook.eu\/en\/your-cart\/","title":{"rendered":"Grozs"},"content":{"rendered":"<div data-elementor-type=\"wp-page\" data-elementor-id=\"750\" class=\"elementor elementor-750\" data-elementor-post-type=\"page\">\n\t\t\t\t\t\t\t\t\t<section class=\"elementor-section elementor-top-section elementor-element elementor-element-281f9f7 elementor-section-boxed elementor-section-height-default elementor-section-height-default\" data-id=\"281f9f7\" data-element_type=\"section\">\n\t\t\t\t\t\t<div class=\"elementor-container elementor-column-gap-default\">\n\t\t\t\t\t<div class=\"elementor-column elementor-col-100 elementor-top-column elementor-element elementor-element-270e2dd\" data-id=\"270e2dd\" data-element_type=\"column\">\n\t\t\t<div class=\"elementor-widget-wrap elementor-element-populated\">\n\t\t\t\t\t\t\t\t<div class=\"elementor-element elementor-element-bae7ee6 elementor-hidden-mobile elementor-widget elementor-widget-spacer\" data-id=\"bae7ee6\" data-element_type=\"widget\" data-widget_type=\"spacer.default\">\n\t\t\t\t<div class=\"elementor-widget-container\">\n\t\t\t\t\t<div class=\"elementor-spacer\">\n\t\t\t<div class=\"elementor-spacer-inner\"><\/div>\n\t\t<\/div>\n\t\t\t\t<\/div>\n\t\t\t\t<\/div>\n\t\t\t\t\t<\/div>\n\t\t<\/div>\n\t\t\t\t\t\t\t<\/div>\n\t\t<\/section>\n\t\t\t\t<section class=\"elementor-section elementor-top-section elementor-element elementor-element-c6fd5c0 elementor-section-boxed elementor-section-height-default elementor-section-height-default\" data-id=\"c6fd5c0\" data-element_type=\"section\">\n\t\t\t\t\t\t<div class=\"elementor-container elementor-column-gap-default\">\n\t\t\t\t\t<div class=\"elementor-column elementor-col-100 elementor-top-column elementor-element elementor-element-cc41627\" data-id=\"cc41627\" data-element_type=\"column\">\n\t\t\t<div class=\"elementor-widget-wrap elementor-element-populated\">\n\t\t\t\t\t\t\t\t<div class=\"elementor-element elementor-element-06a3cc7 elementor-widget elementor-widget-spacer\" data-id=\"06a3cc7\" data-element_type=\"widget\" data-widget_type=\"spacer.default\">\n\t\t\t\t<div class=\"elementor-widget-container\">\n\t\t\t\t\t<div class=\"elementor-spacer\">\n\t\t\t<div class=\"elementor-spacer-inner\"><\/div>\n\t\t<\/div>\n\t\t\t\t<\/div>\n\t\t\t\t<\/div>\n\t\t\t\t\t<\/div>\n\t\t<\/div>\n\t\t\t\t\t\t\t<\/div>\n\t\t<\/section>\n\t\t\t\t\t\t\t<\/div>","protected":false},"excerpt":{"rendered":"<p>Remove item Thumbnail image Produkts Cena Daudzums Summa &times; D\u0101vanu karte 59,99&nbsp;&euro; D\u0101vanu karte daudzums 59,99&nbsp;&euro; Piem\u0113rot Kop\u0101 Summa 59,99&nbsp;&euro; Kop\u0101 59,99&nbsp;&euro; Pas\u016bt\u012bt<\/p>","protected":false},"author":1,"featured_media":0,"parent":0,"menu_order":0,"comment_status":"closed","ping_status":"closed","template":"","meta":{"_eb_attr":"","site-sidebar-layout":"no-sidebar","site-content-layout":"page-builder","ast-main-header-display":"","ast-hfb-above-header-display":"","ast-hfb-below-header-display":"","ast-hfb-mobile-header-display":"","site-post-title":"disabled","ast-breadcrumbs-content":"","ast-featured-img":"disabled","footer-sml-layout":"","theme-transparent-header-meta":"","adv-header-id-meta":"","stick-header-meta":"","header-above-stick-meta":"","header-main-stick-meta":"","header-below-stick-meta":"","footnotes":""},"class_list":["post-750","page","type-page","status-publish","hentry"],"yoast_head":"<!-- This site is optimized with the Yoast SEO plugin v26.2 - https:\/\/yoast.com\/wordpress\/plugins\/seo\/ -->\n<title>Grozs - Baby Memory Book<\/title>\n<meta name=\"robots\" content=\"index, follow, max-snippet:-1, max-image-preview:large, max-video-preview:-1\" \/>\n<link rel=\"canonical\" href=\"https:\/\/babymemorybook.eu\/en\/your-cart\/\" \/>\n<meta property=\"og:locale\" content=\"en_GB\" \/>\n<meta property=\"og:type\" content=\"article\" \/>\n<meta property=\"og:title\" content=\"Grozs - Baby Memory Book\" \/>\n<meta property=\"og:description\" content=\"Remove item Thumbnail image Produkts Cena Daudzums Summa &times; D\u0101vanu karte 59,99&nbsp;&euro; D\u0101vanu karte daudzums 59,99&nbsp;&euro; Piem\u0113rot Kop\u0101 Summa 59,99&nbsp;&euro; Kop\u0101 59,99&nbsp;&euro; Pas\u016bt\u012bt\" \/>\n<meta property=\"og:url\" content=\"https:\/\/babymemorybook.eu\/en\/your-cart\/\" \/>\n<meta property=\"og:site_name\" content=\"Baby Memory Book\" \/>\n<meta property=\"article:modified_time\" content=\"2023-10-22T14:44:59+00:00\" \/>\n<meta property=\"og:image\" content=\"https:\/\/babymemorybook.eu\/wp-content\/uploads\/2022\/09\/BabyMemoryBook_F_Sandija_Veiksa-17-copy-300x300.jpg\" \/>\n<meta name=\"twitter:card\" content=\"summary_large_image\" \/>\n<meta name=\"twitter:label1\" content=\"Estimated reading time\" \/>\n\t<meta name=\"twitter:data1\" content=\"1 minute\" \/>\n<script type=\"application\/ld+json\" class=\"yoast-schema-graph\">{\"@context\":\"https:\/\/schema.org\",\"@graph\":[{\"@type\":\"WebPage\",\"@id\":\"https:\/\/babymemorybook.eu\/grozs\/\",\"url\":\"https:\/\/babymemorybook.eu\/grozs\/\",\"name\":\"Grozs - Baby Memory Book\",\"isPartOf\":{\"@id\":\"https:\/\/babymemorybook.eu\/#website\"},\"primaryImageOfPage\":{\"@id\":\"https:\/\/babymemorybook.eu\/grozs\/#primaryimage\"},\"image\":{\"@id\":\"https:\/\/babymemorybook.eu\/grozs\/#primaryimage\"},\"thumbnailUrl\":\"https:\/\/babymemorybook.eu\/wp-content\/uploads\/2022\/09\/BabyMemoryBook_F_Sandija_Veiksa-17-copy-300x300.jpg\",\"datePublished\":\"2022-02-03T14:46:15+00:00\",\"dateModified\":\"2023-10-22T14:44:59+00:00\",\"breadcrumb\":{\"@id\":\"https:\/\/babymemorybook.eu\/grozs\/#breadcrumb\"},\"inLanguage\":\"en-GB\",\"potentialAction\":[{\"@type\":\"ReadAction\",\"target\":[\"https:\/\/babymemorybook.eu\/grozs\/\"]}]},{\"@type\":\"ImageObject\",\"inLanguage\":\"en-GB\",\"@id\":\"https:\/\/babymemorybook.eu\/grozs\/#primaryimage\",\"url\":\"https:\/\/babymemorybook.eu\/wp-content\/uploads\/2022\/09\/BabyMemoryBook_F_Sandija_Veiksa-17-copy-300x300.jpg\",\"contentUrl\":\"https:\/\/babymemorybook.eu\/wp-content\/uploads\/2022\/09\/BabyMemoryBook_F_Sandija_Veiksa-17-copy-300x300.jpg\"},{\"@type\":\"BreadcrumbList\",\"@id\":\"https:\/\/babymemorybook.eu\/grozs\/#breadcrumb\",\"itemListElement\":[{\"@type\":\"ListItem\",\"position\":1,\"name\":\"Home\",\"item\":\"https:\/\/babymemorybook.eu\/\"},{\"@type\":\"ListItem\",\"position\":2,\"name\":\"Grozs\"}]},{\"@type\":\"WebSite\",\"@id\":\"https:\/\/babymemorybook.eu\/#website\",\"url\":\"https:\/\/babymemorybook.eu\/\",\"name\":\"Baby Memory Book\",\"description\":\"Aizpildi digit\u0101li un sa\u0146em druk\u0101t\u0101 versij\u0101\",\"publisher\":{\"@id\":\"https:\/\/babymemorybook.eu\/#organization\"},\"potentialAction\":[{\"@type\":\"SearchAction\",\"target\":{\"@type\":\"EntryPoint\",\"urlTemplate\":\"https:\/\/babymemorybook.eu\/?s={search_term_string}\"},\"query-input\":{\"@type\":\"PropertyValueSpecification\",\"valueRequired\":true,\"valueName\":\"search_term_string\"}}],\"inLanguage\":\"en-GB\"},{\"@type\":\"Organization\",\"@id\":\"https:\/\/babymemorybook.eu\/#organization\",\"name\":\"Baby Memory Book\",\"url\":\"https:\/\/babymemorybook.eu\/\",\"logo\":{\"@type\":\"ImageObject\",\"inLanguage\":\"en-GB\",\"@id\":\"https:\/\/babymemorybook.eu\/#\/schema\/logo\/image\/\",\"url\":\"https:\/\/babymemorybook.eu\/wp-content\/uploads\/2022\/03\/cropped-cropped-Baby-memory-book-3.png\",\"contentUrl\":\"https:\/\/babymemorybook.eu\/wp-content\/uploads\/2022\/03\/cropped-cropped-Baby-memory-book-3.png\",\"width\":448,\"height\":92,\"caption\":\"Baby Memory Book\"},\"image\":{\"@id\":\"https:\/\/babymemorybook.eu\/#\/schema\/logo\/image\/\"}}]}<\/script>\n<!-- \/ Yoast SEO plugin. -->","yoast_head_json":{"title":"Grozs - Baby Memory Book","robots":{"index":"index","follow":"follow","max-snippet":"max-snippet:-1","max-image-preview":"max-image-preview:large","max-video-preview":"max-video-preview:-1"},"canonical":"https:\/\/babymemorybook.eu\/en\/your-cart\/","og_locale":"en_GB","og_type":"article","og_title":"Grozs - Baby Memory Book","og_description":"Remove item Thumbnail image Produkts Cena Daudzums Summa &times; D\u0101vanu karte 59,99&nbsp;&euro; D\u0101vanu karte daudzums 59,99&nbsp;&euro; Piem\u0113rot Kop\u0101 Summa 59,99&nbsp;&euro; Kop\u0101 59,99&nbsp;&euro; Pas\u016bt\u012bt","og_url":"https:\/\/babymemorybook.eu\/en\/your-cart\/","og_site_name":"Baby Memory Book","article_modified_time":"2023-10-22T14:44:59+00:00","og_image":[{"url":"https:\/\/babymemorybook.eu\/wp-content\/uploads\/2022\/09\/BabyMemoryBook_F_Sandija_Veiksa-17-copy-300x300.jpg","type":"","width":"","height":""}],"twitter_card":"summary_large_image","twitter_misc":{"Estimated reading time":"1 minute"},"schema":{"@context":"https:\/\/schema.org","@graph":[{"@type":"WebPage","@id":"https:\/\/babymemorybook.eu\/grozs\/","url":"https:\/\/babymemorybook.eu\/grozs\/","name":"Grozs - Baby Memory Book","isPartOf":{"@id":"https:\/\/babymemorybook.eu\/#website"},"primaryImageOfPage":{"@id":"https:\/\/babymemorybook.eu\/grozs\/#primaryimage"},"image":{"@id":"https:\/\/babymemorybook.eu\/grozs\/#primaryimage"},"thumbnailUrl":"https:\/\/babymemorybook.eu\/wp-content\/uploads\/2022\/09\/BabyMemoryBook_F_Sandija_Veiksa-17-copy-300x300.jpg","datePublished":"2022-02-03T14:46:15+00:00","dateModified":"2023-10-22T14:44:59+00:00","breadcrumb":{"@id":"https:\/\/babymemorybook.eu\/grozs\/#breadcrumb"},"inLanguage":"en-GB","potentialAction":[{"@type":"ReadAction","target":["https:\/\/babymemorybook.eu\/grozs\/"]}]},{"@type":"ImageObject","inLanguage":"en-GB","@id":"https:\/\/babymemorybook.eu\/grozs\/#primaryimage","url":"https:\/\/babymemorybook.eu\/wp-content\/uploads\/2022\/09\/BabyMemoryBook_F_Sandija_Veiksa-17-copy-300x300.jpg","contentUrl":"https:\/\/babymemorybook.eu\/wp-content\/uploads\/2022\/09\/BabyMemoryBook_F_Sandija_Veiksa-17-copy-300x300.jpg"},{"@type":"BreadcrumbList","@id":"https:\/\/babymemorybook.eu\/grozs\/#breadcrumb","itemListElement":[{"@type":"ListItem","position":1,"name":"Home","item":"https:\/\/babymemorybook.eu\/"},{"@type":"ListItem","position":2,"name":"Grozs"}]},{"@type":"WebSite","@id":"https:\/\/babymemorybook.eu\/#website","url":"https:\/\/babymemorybook.eu\/","name":"Baby Memory Book","description":"Aizpildi digit\u0101li un sa\u0146em druk\u0101t\u0101 versij\u0101","publisher":{"@id":"https:\/\/babymemorybook.eu\/#organization"},"potentialAction":[{"@type":"SearchAction","target":{"@type":"EntryPoint","urlTemplate":"https:\/\/babymemorybook.eu\/?s={search_term_string}"},"query-input":{"@type":"PropertyValueSpecification","valueRequired":true,"valueName":"search_term_string"}}],"inLanguage":"en-GB"},{"@type":"Organization","@id":"https:\/\/babymemorybook.eu\/#organization","name":"Baby Memory Book","url":"https:\/\/babymemorybook.eu\/","logo":{"@type":"ImageObject","inLanguage":"en-GB","@id":"https:\/\/babymemorybook.eu\/#\/schema\/logo\/image\/","url":"https:\/\/babymemorybook.eu\/wp-content\/uploads\/2022\/03\/cropped-cropped-Baby-memory-book-3.png","contentUrl":"https:\/\/babymemorybook.eu\/wp-content\/uploads\/2022\/03\/cropped-cropped-Baby-memory-book-3.png","width":448,"height":92,"caption":"Baby Memory Book"},"image":{"@id":"https:\/\/babymemorybook.eu\/#\/schema\/logo\/image\/"}}]}},"_links":{"self":[{"href":"https:\/\/babymemorybook.eu\/en\/wp-json\/wp\/v2\/pages\/750","targetHints":{"allow":["GET"]}}],"collection":[{"href":"https:\/\/babymemorybook.eu\/en\/wp-json\/wp\/v2\/pages"}],"about":[{"href":"https:\/\/babymemorybook.eu\/en\/wp-json\/wp\/v2\/types\/page"}],"author":[{"embeddable":true,"href":"https:\/\/babymemorybook.eu\/en\/wp-json\/wp\/v2\/users\/1"}],"replies":[{"embeddable":true,"href":"https:\/\/babymemorybook.eu\/en\/wp-json\/wp\/v2\/comments?post=750"}],"version-history":[{"count":6,"href":"https:\/\/babymemorybook.eu\/en\/wp-json\/wp\/v2\/pages\/750\/revisions"}],"predecessor-version":[{"id":12477,"href":"https:\/\/babymemorybook.eu\/en\/wp-json\/wp\/v2\/pages\/750\/revisions\/12477"}],"wp:attachment":[{"href":"https:\/\/babymemorybook.eu\/en\/wp-json\/wp\/v2\/media?parent=750"}],"curies":[{"name":"wp","href":"https:\/\/api.w.org\/{rel}","templated":true}]}}