{"id":8523,"date":"2023-01-05T17:10:31","date_gmt":"2023-01-05T15:10:31","guid":{"rendered":"https:\/\/babymemorybook.eu\/?page_id=8523"},"modified":"2023-01-05T17:13:58","modified_gmt":"2023-01-05T15:13:58","slug":"price","status":"publish","type":"page","link":"https:\/\/babymemorybook.eu\/en\/price\/","title":{"rendered":"Price"},"content":{"rendered":"<div data-elementor-type=\"wp-page\" data-elementor-id=\"8523\" class=\"elementor elementor-8523\" data-elementor-post-type=\"page\">\n\t\t\t\t\t\t\t\t\t<section class=\"elementor-section elementor-top-section elementor-element elementor-element-404c037 elementor-section-boxed elementor-section-height-default elementor-section-height-default\" data-id=\"404c037\" data-element_type=\"section\">\n\t\t\t\t\t\t<div class=\"elementor-container elementor-column-gap-default\">\n\t\t\t\t\t<div class=\"elementor-column elementor-col-100 elementor-top-column elementor-element elementor-element-2b55ee5\" data-id=\"2b55ee5\" data-element_type=\"column\">\n\t\t\t<div class=\"elementor-widget-wrap elementor-element-populated\">\n\t\t\t\t\t\t\t\t<div class=\"elementor-element elementor-element-b551449 elementor-widget elementor-widget-spacer\" data-id=\"b551449\" data-element_type=\"widget\" data-widget_type=\"spacer.default\">\n\t\t\t\t<div class=\"elementor-widget-container\">\n\t\t\t\t\t<div class=\"elementor-spacer\">\n\t\t\t<div class=\"elementor-spacer-inner\"><\/div>\n\t\t<\/div>\n\t\t\t\t<\/div>\n\t\t\t\t<\/div>\n\t\t\t\t<div class=\"elementor-element elementor-element-dbba896 elementor-widget elementor-widget-heading\" data-id=\"dbba896\" data-element_type=\"widget\" data-widget_type=\"heading.default\">\n\t\t\t\t<div class=\"elementor-widget-container\">\n\t\t\t<h1 class=\"elementor-heading-title elementor-size-default\">Price<\/h1>\t\t<\/div>\n\t\t\t\t<\/div>\n\t\t\t\t<div class=\"elementor-element elementor-element-5d59cf8 elementor-widget elementor-widget-spacer\" data-id=\"5d59cf8\" data-element_type=\"widget\" data-widget_type=\"spacer.default\">\n\t\t\t\t<div class=\"elementor-widget-container\">\n\t\t\t\t\t<div class=\"elementor-spacer\">\n\t\t\t<div class=\"elementor-spacer-inner\"><\/div>\n\t\t<\/div>\n\t\t\t\t<\/div>\n\t\t\t\t<\/div>\n\t\t\t\t\t<\/div>\n\t\t<\/div>\n\t\t\t\t\t\t\t<\/div>\n\t\t<\/section>\n\t\t\t\t<section class=\"elementor-section elementor-top-section elementor-element elementor-element-fe74586 elementor-section-boxed elementor-section-height-default elementor-section-height-default\" data-id=\"fe74586\" data-element_type=\"section\">\n\t\t\t\t\t\t<div class=\"elementor-container elementor-column-gap-default\">\n\t\t\t\t\t<div class=\"elementor-column elementor-col-50 elementor-top-column elementor-element elementor-element-711d153\" data-id=\"711d153\" data-element_type=\"column\">\n\t\t\t<div class=\"elementor-widget-wrap elementor-element-populated\">\n\t\t\t\t\t\t\t\t<div class=\"elementor-element elementor-element-adb0cc3 elementor-invisible elementor-widget elementor-widget-price-table\" data-id=\"adb0cc3\" data-element_type=\"widget\" data-settings=\"{&quot;_animation&quot;:&quot;slideInLeft&quot;}\" data-widget_type=\"price-table.default\">\n\t\t\t\t<div class=\"elementor-widget-container\">\n\t\t\t\n\t\t<div class=\"elementor-price-table\">\n\t\t\t\t\t\t\t<div class=\"elementor-price-table__header\">\n\t\t\t\t\t\t\t\t\t\t\t<h3 class=\"elementor-price-table__heading\">\n\t\t\t\t\t\tBaby's First Year Book\t\t\t\t\t\t<\/h3>\n\t\t\t\t\t\n\t\t\t\t\t\t\t\t\t<\/div>\n\t\t\t\n\t\t\t<div class=\"elementor-price-table__price\">\n\t\t\t\t\t\t\t\t\t\t\t\t\t\t\t\t\t<span class=\"elementor-price-table__integer-part\">\n\t\t\t\t\t\t59\t\t\t\t\t<\/span>\n\t\t\t\t\n\t\t\t\t\t\t\t\t\t<div class=\"elementor-price-table__after-price\">\n\t\t\t\t\t\t<span class=\"elementor-price-table__fractional-part\">\n\t\t\t\t\t\t\t99\t\t\t\t\t\t<\/span>\n\n\t\t\t\t\t\t\t\t\t\t\t<\/div>\n\t\t\t\t\n\t\t\t\t<span class=\"elementor-price-table__currency\">&#036;<\/span>\n\t\t\t\t\t\t\t<\/div>\n\n\t\t\t\t\t\t\t<ul class=\"elementor-price-table__features-list\">\n\t\t\t\t\t\t\t\t\t\t\t<li class=\"elementor-repeater-item-6860685\">\n\t\t\t\t\t\t\t<div class=\"elementor-price-table__feature-inner\">\n\t\t\t\t\t\t\t\t<i aria-hidden=\"true\" class=\"far fa-check-circle\"><\/i>\t\t\t\t\t\t\t\t\t\t\t\t\t\t\t\t\t<span >\n\t\t\t\t\t\t\t\t\t\tFill for free\t\t\t\t\t\t\t\t\t<\/span>\n\t\t\t\t\t\t\t\t\t\t\t\t\t\t\t\t<\/div>\n\t\t\t\t\t\t<\/li>\n\t\t\t\t\t\t\t\t\t\t\t<li class=\"elementor-repeater-item-415faad\">\n\t\t\t\t\t\t\t<div class=\"elementor-price-table__feature-inner\">\n\t\t\t\t\t\t\t\t<i aria-hidden=\"true\" class=\"far fa-check-circle\"><\/i>\t\t\t\t\t\t\t\t\t\t\t\t\t\t\t\t\t<span >\n\t\t\t\t\t\t\t\t\t\tChoose the design\t\t\t\t\t\t\t\t\t<\/span>\n\t\t\t\t\t\t\t\t\t\t\t\t\t\t\t\t<\/div>\n\t\t\t\t\t\t<\/li>\n\t\t\t\t\t\t\t\t\t\t\t<li class=\"elementor-repeater-item-a2f60bb\">\n\t\t\t\t\t\t\t<div class=\"elementor-price-table__feature-inner\">\n\t\t\t\t\t\t\t\t<i aria-hidden=\"true\" class=\"far fa-check-circle\"><\/i>\t\t\t\t\t\t\t\t\t\t\t\t\t\t\t\t\t<span >\n\t\t\t\t\t\t\t\t\t\tWorldwide shipping\t\t\t\t\t\t\t\t\t<\/span>\n\t\t\t\t\t\t\t\t\t\t\t\t\t\t\t\t<\/div>\n\t\t\t\t\t\t<\/li>\n\t\t\t\t\t\t\t\t\t\t\t<li class=\"elementor-repeater-item-f3dd03b\">\n\t\t\t\t\t\t\t<div class=\"elementor-price-table__feature-inner\">\n\t\t\t\t\t\t\t\t<i aria-hidden=\"true\" class=\"far fa-check-circle\"><\/i>\t\t\t\t\t\t\t\t\t\t\t\t\t\t\t\t\t<span >\n\t\t\t\t\t\t\t\t\t\tQuality print\t\t\t\t\t\t\t\t\t<\/span>\n\t\t\t\t\t\t\t\t\t\t\t\t\t\t\t\t<\/div>\n\t\t\t\t\t\t<\/li>\n\t\t\t\t\t\t\t\t\t<\/ul>\n\t\t\t\n\t\t\t\t\t\t\t<div class=\"elementor-price-table__footer\">\n\t\t\t\t\t\t\t\t\t\t\t<a class=\"elementor-price-table__button elementor-button elementor-size-lg\" href=\"https:\/\/babymemorybook.eu\/en\/create-a-book\/\">\n\t\t\t\t\t\t\tStart for free\t\t\t\t\t\t<\/a>\n\t\t\t\t\t\n\t\t\t\t\t\t\t\t\t\t\t<div class=\"elementor-price-table__additional_info\">\n\t\t\t\t\t\t\tShipping cost 30 USD.\t\t\t\t\t\t<\/div>\n\t\t\t\t\t\t\t\t\t<\/div>\n\t\t\t\t\t<\/div>\n\n\t\t\t\t<\/div>\n\t\t\t\t<\/div>\n\t\t\t\t\t<\/div>\n\t\t<\/div>\n\t\t\t\t<div class=\"elementor-column elementor-col-50 elementor-top-column elementor-element elementor-element-df9daf2 elementor-hidden-mobile\" data-id=\"df9daf2\" data-element_type=\"column\">\n\t\t\t<div class=\"elementor-widget-wrap elementor-element-populated\">\n\t\t\t\t\t\t\t\t<div class=\"elementor-element elementor-element-6211962 dce_masking-none elementor-invisible elementor-widget elementor-widget-image\" data-id=\"6211962\" data-element_type=\"widget\" data-settings=\"{&quot;_animation&quot;:&quot;slideInRight&quot;}\" data-widget_type=\"image.default\">\n\t\t\t\t<div class=\"elementor-widget-container\">\n\t\t\t\t\t\t\t\t\t\t\t\t\t\t\t<img decoding=\"async\" width=\"768\" height=\"1024\" src=\"https:\/\/babymemorybook.eu\/wp-content\/uploads\/2022\/11\/BabyMemoryBook_F_Sandija_Veiksa-107-768x1024.jpg\" class=\"attachment-large size-large wp-image-6995\" alt=\"\" srcset=\"https:\/\/babymemorybook.eu\/wp-content\/uploads\/2022\/11\/BabyMemoryBook_F_Sandija_Veiksa-107-768x1024.jpg 768w, https:\/\/babymemorybook.eu\/wp-content\/uploads\/2022\/11\/BabyMemoryBook_F_Sandija_Veiksa-107-225x300.jpg 225w, https:\/\/babymemorybook.eu\/wp-content\/uploads\/2022\/11\/BabyMemoryBook_F_Sandija_Veiksa-107-1152x1536.jpg 1152w, https:\/\/babymemorybook.eu\/wp-content\/uploads\/2022\/11\/BabyMemoryBook_F_Sandija_Veiksa-107-1320x1760.jpg 1320w, https:\/\/babymemorybook.eu\/wp-content\/uploads\/2022\/11\/BabyMemoryBook_F_Sandija_Veiksa-107-600x800.jpg 600w, https:\/\/babymemorybook.eu\/wp-content\/uploads\/2022\/11\/BabyMemoryBook_F_Sandija_Veiksa-107.jpg 1536w\" sizes=\"(max-width: 768px) 100vw, 768px\" \/>\t\t\t\t\t\t\t\t\t\t\t\t\t\t\t<\/div>\n\t\t\t\t<\/div>\n\t\t\t\t\t<\/div>\n\t\t<\/div>\n\t\t\t\t\t\t\t<\/div>\n\t\t<\/section>\n\t\t\t\t<section class=\"elementor-section elementor-top-section elementor-element elementor-element-568a1cf elementor-section-boxed elementor-section-height-default elementor-section-height-default\" data-id=\"568a1cf\" data-element_type=\"section\">\n\t\t\t\t\t\t<div class=\"elementor-container elementor-column-gap-default\">\n\t\t\t\t\t<div class=\"elementor-column elementor-col-100 elementor-top-column elementor-element elementor-element-1abb685\" data-id=\"1abb685\" data-element_type=\"column\">\n\t\t\t<div class=\"elementor-widget-wrap elementor-element-populated\">\n\t\t\t\t\t\t\t\t<div class=\"elementor-element elementor-element-bbf7a1f elementor-widget elementor-widget-spacer\" data-id=\"bbf7a1f\" data-element_type=\"widget\" data-widget_type=\"spacer.default\">\n\t\t\t\t<div class=\"elementor-widget-container\">\n\t\t\t\t\t<div class=\"elementor-spacer\">\n\t\t\t<div class=\"elementor-spacer-inner\"><\/div>\n\t\t<\/div>\n\t\t\t\t<\/div>\n\t\t\t\t<\/div>\n\t\t\t\t\t<\/div>\n\t\t<\/div>\n\t\t\t\t\t\t\t<\/div>\n\t\t<\/section>\n\t\t\t\t\t\t\t<\/div>","protected":false},"excerpt":{"rendered":"<p>Price Baby&#8217;s First Year Book 59 99 &#036; Fill for free Choose the design Worldwide shipping Quality print Start for free Shipping cost 30 USD.<\/p>","protected":false},"author":1,"featured_media":0,"parent":0,"menu_order":0,"comment_status":"closed","ping_status":"closed","template":"","meta":{"_eb_attr":"","site-sidebar-layout":"no-sidebar","site-content-layout":"page-builder","ast-main-header-display":"","ast-hfb-above-header-display":"","ast-hfb-below-header-display":"","ast-hfb-mobile-header-display":"","site-post-title":"disabled","ast-breadcrumbs-content":"","ast-featured-img":"disabled","footer-sml-layout":"","theme-transparent-header-meta":"","adv-header-id-meta":"","stick-header-meta":"","header-above-stick-meta":"","header-main-stick-meta":"","header-below-stick-meta":"","footnotes":""},"class_list":["post-8523","page","type-page","status-publish","hentry"],"yoast_head":"<!-- This site is optimized with the Yoast SEO plugin v26.2 - https:\/\/yoast.com\/wordpress\/plugins\/seo\/ -->\n<title>Price - Baby Memory Book<\/title>\n<meta name=\"robots\" content=\"index, follow, max-snippet:-1, max-image-preview:large, max-video-preview:-1\" \/>\n<link rel=\"canonical\" href=\"https:\/\/babymemorybook.eu\/en\/price\/\" \/>\n<meta property=\"og:locale\" content=\"en_GB\" \/>\n<meta property=\"og:type\" content=\"article\" \/>\n<meta property=\"og:title\" content=\"Price - Baby Memory Book\" \/>\n<meta property=\"og:description\" content=\"Price Baby&#8217;s First Year Book 59 99 &#036; Fill for free Choose the design Worldwide shipping Quality print Start for free Shipping cost 30 USD.\" \/>\n<meta property=\"og:url\" content=\"https:\/\/babymemorybook.eu\/en\/price\/\" \/>\n<meta property=\"og:site_name\" content=\"Baby Memory Book\" \/>\n<meta property=\"article:modified_time\" content=\"2023-01-05T15:13:58+00:00\" \/>\n<meta property=\"og:image\" content=\"https:\/\/babymemorybook.eu\/wp-content\/uploads\/2022\/11\/BabyMemoryBook_F_Sandija_Veiksa-107-768x1024.jpg\" \/>\n<meta name=\"twitter:card\" content=\"summary_large_image\" \/>\n<meta name=\"twitter:label1\" content=\"Estimated reading time\" \/>\n\t<meta name=\"twitter:data1\" content=\"1 minute\" \/>\n<script type=\"application\/ld+json\" class=\"yoast-schema-graph\">{\"@context\":\"https:\/\/schema.org\",\"@graph\":[{\"@type\":\"WebPage\",\"@id\":\"https:\/\/babymemorybook.eu\/price\/\",\"url\":\"https:\/\/babymemorybook.eu\/price\/\",\"name\":\"Price - Baby Memory Book\",\"isPartOf\":{\"@id\":\"https:\/\/babymemorybook.eu\/#website\"},\"primaryImageOfPage\":{\"@id\":\"https:\/\/babymemorybook.eu\/price\/#primaryimage\"},\"image\":{\"@id\":\"https:\/\/babymemorybook.eu\/price\/#primaryimage\"},\"thumbnailUrl\":\"https:\/\/babymemorybook.eu\/wp-content\/uploads\/2022\/11\/BabyMemoryBook_F_Sandija_Veiksa-107-768x1024.jpg\",\"datePublished\":\"2023-01-05T15:10:31+00:00\",\"dateModified\":\"2023-01-05T15:13:58+00:00\",\"breadcrumb\":{\"@id\":\"https:\/\/babymemorybook.eu\/price\/#breadcrumb\"},\"inLanguage\":\"en-GB\",\"potentialAction\":[{\"@type\":\"ReadAction\",\"target\":[\"https:\/\/babymemorybook.eu\/price\/\"]}]},{\"@type\":\"ImageObject\",\"inLanguage\":\"en-GB\",\"@id\":\"https:\/\/babymemorybook.eu\/price\/#primaryimage\",\"url\":\"https:\/\/babymemorybook.eu\/wp-content\/uploads\/2022\/11\/BabyMemoryBook_F_Sandija_Veiksa-107-768x1024.jpg\",\"contentUrl\":\"https:\/\/babymemorybook.eu\/wp-content\/uploads\/2022\/11\/BabyMemoryBook_F_Sandija_Veiksa-107-768x1024.jpg\"},{\"@type\":\"BreadcrumbList\",\"@id\":\"https:\/\/babymemorybook.eu\/price\/#breadcrumb\",\"itemListElement\":[{\"@type\":\"ListItem\",\"position\":1,\"name\":\"Home\",\"item\":\"https:\/\/babymemorybook.eu\/\"},{\"@type\":\"ListItem\",\"position\":2,\"name\":\"Price\"}]},{\"@type\":\"WebSite\",\"@id\":\"https:\/\/babymemorybook.eu\/#website\",\"url\":\"https:\/\/babymemorybook.eu\/\",\"name\":\"Baby Memory Book\",\"description\":\"Aizpildi digit\u0101li un sa\u0146em druk\u0101t\u0101 versij\u0101\",\"publisher\":{\"@id\":\"https:\/\/babymemorybook.eu\/#organization\"},\"potentialAction\":[{\"@type\":\"SearchAction\",\"target\":{\"@type\":\"EntryPoint\",\"urlTemplate\":\"https:\/\/babymemorybook.eu\/?s={search_term_string}\"},\"query-input\":{\"@type\":\"PropertyValueSpecification\",\"valueRequired\":true,\"valueName\":\"search_term_string\"}}],\"inLanguage\":\"en-GB\"},{\"@type\":\"Organization\",\"@id\":\"https:\/\/babymemorybook.eu\/#organization\",\"name\":\"Baby Memory Book\",\"url\":\"https:\/\/babymemorybook.eu\/\",\"logo\":{\"@type\":\"ImageObject\",\"inLanguage\":\"en-GB\",\"@id\":\"https:\/\/babymemorybook.eu\/#\/schema\/logo\/image\/\",\"url\":\"https:\/\/babymemorybook.eu\/wp-content\/uploads\/2022\/03\/cropped-cropped-Baby-memory-book-3.png\",\"contentUrl\":\"https:\/\/babymemorybook.eu\/wp-content\/uploads\/2022\/03\/cropped-cropped-Baby-memory-book-3.png\",\"width\":448,\"height\":92,\"caption\":\"Baby Memory Book\"},\"image\":{\"@id\":\"https:\/\/babymemorybook.eu\/#\/schema\/logo\/image\/\"}}]}<\/script>\n<!-- \/ Yoast SEO plugin. -->","yoast_head_json":{"title":"Price - Baby Memory Book","robots":{"index":"index","follow":"follow","max-snippet":"max-snippet:-1","max-image-preview":"max-image-preview:large","max-video-preview":"max-video-preview:-1"},"canonical":"https:\/\/babymemorybook.eu\/en\/price\/","og_locale":"en_GB","og_type":"article","og_title":"Price - Baby Memory Book","og_description":"Price Baby&#8217;s First Year Book 59 99 &#036; Fill for free Choose the design Worldwide shipping Quality print Start for free Shipping cost 30 USD.","og_url":"https:\/\/babymemorybook.eu\/en\/price\/","og_site_name":"Baby Memory Book","article_modified_time":"2023-01-05T15:13:58+00:00","og_image":[{"url":"https:\/\/babymemorybook.eu\/wp-content\/uploads\/2022\/11\/BabyMemoryBook_F_Sandija_Veiksa-107-768x1024.jpg","type":"","width":"","height":""}],"twitter_card":"summary_large_image","twitter_misc":{"Estimated reading time":"1 minute"},"schema":{"@context":"https:\/\/schema.org","@graph":[{"@type":"WebPage","@id":"https:\/\/babymemorybook.eu\/price\/","url":"https:\/\/babymemorybook.eu\/price\/","name":"Price - Baby Memory Book","isPartOf":{"@id":"https:\/\/babymemorybook.eu\/#website"},"primaryImageOfPage":{"@id":"https:\/\/babymemorybook.eu\/price\/#primaryimage"},"image":{"@id":"https:\/\/babymemorybook.eu\/price\/#primaryimage"},"thumbnailUrl":"https:\/\/babymemorybook.eu\/wp-content\/uploads\/2022\/11\/BabyMemoryBook_F_Sandija_Veiksa-107-768x1024.jpg","datePublished":"2023-01-05T15:10:31+00:00","dateModified":"2023-01-05T15:13:58+00:00","breadcrumb":{"@id":"https:\/\/babymemorybook.eu\/price\/#breadcrumb"},"inLanguage":"en-GB","potentialAction":[{"@type":"ReadAction","target":["https:\/\/babymemorybook.eu\/price\/"]}]},{"@type":"ImageObject","inLanguage":"en-GB","@id":"https:\/\/babymemorybook.eu\/price\/#primaryimage","url":"https:\/\/babymemorybook.eu\/wp-content\/uploads\/2022\/11\/BabyMemoryBook_F_Sandija_Veiksa-107-768x1024.jpg","contentUrl":"https:\/\/babymemorybook.eu\/wp-content\/uploads\/2022\/11\/BabyMemoryBook_F_Sandija_Veiksa-107-768x1024.jpg"},{"@type":"BreadcrumbList","@id":"https:\/\/babymemorybook.eu\/price\/#breadcrumb","itemListElement":[{"@type":"ListItem","position":1,"name":"Home","item":"https:\/\/babymemorybook.eu\/"},{"@type":"ListItem","position":2,"name":"Price"}]},{"@type":"WebSite","@id":"https:\/\/babymemorybook.eu\/#website","url":"https:\/\/babymemorybook.eu\/","name":"Baby Memory Book","description":"Aizpildi digit\u0101li un sa\u0146em druk\u0101t\u0101 versij\u0101","publisher":{"@id":"https:\/\/babymemorybook.eu\/#organization"},"potentialAction":[{"@type":"SearchAction","target":{"@type":"EntryPoint","urlTemplate":"https:\/\/babymemorybook.eu\/?s={search_term_string}"},"query-input":{"@type":"PropertyValueSpecification","valueRequired":true,"valueName":"search_term_string"}}],"inLanguage":"en-GB"},{"@type":"Organization","@id":"https:\/\/babymemorybook.eu\/#organization","name":"Baby Memory Book","url":"https:\/\/babymemorybook.eu\/","logo":{"@type":"ImageObject","inLanguage":"en-GB","@id":"https:\/\/babymemorybook.eu\/#\/schema\/logo\/image\/","url":"https:\/\/babymemorybook.eu\/wp-content\/uploads\/2022\/03\/cropped-cropped-Baby-memory-book-3.png","contentUrl":"https:\/\/babymemorybook.eu\/wp-content\/uploads\/2022\/03\/cropped-cropped-Baby-memory-book-3.png","width":448,"height":92,"caption":"Baby Memory Book"},"image":{"@id":"https:\/\/babymemorybook.eu\/#\/schema\/logo\/image\/"}}]}},"_links":{"self":[{"href":"https:\/\/babymemorybook.eu\/en\/wp-json\/wp\/v2\/pages\/8523","targetHints":{"allow":["GET"]}}],"collection":[{"href":"https:\/\/babymemorybook.eu\/en\/wp-json\/wp\/v2\/pages"}],"about":[{"href":"https:\/\/babymemorybook.eu\/en\/wp-json\/wp\/v2\/types\/page"}],"author":[{"embeddable":true,"href":"https:\/\/babymemorybook.eu\/en\/wp-json\/wp\/v2\/users\/1"}],"replies":[{"embeddable":true,"href":"https:\/\/babymemorybook.eu\/en\/wp-json\/wp\/v2\/comments?post=8523"}],"version-history":[{"count":0,"href":"https:\/\/babymemorybook.eu\/en\/wp-json\/wp\/v2\/pages\/8523\/revisions"}],"wp:attachment":[{"href":"https:\/\/babymemorybook.eu\/en\/wp-json\/wp\/v2\/media?parent=8523"}],"curies":[{"name":"wp","href":"https:\/\/api.w.org\/{rel}","templated":true}]}}