{"id":5758,"date":"2022-09-25T18:43:34","date_gmt":"2022-09-25T16:43:34","guid":{"rendered":"https:\/\/babymemorybook.eu\/?post_type=product&#038;p=5758"},"modified":"2024-12-09T13:23:15","modified_gmt":"2024-12-09T11:23:15","slug":"gift-card","status":"publish","type":"product","link":"https:\/\/babymemorybook.eu\/en\/veikals\/gift-card\/","title":{"rendered":"Gift Card"},"content":{"rendered":"<div tabindex=\"0\" role=\"article\" data-tabster=\"{&quot;groupper&quot;:{&quot;tabbability&quot;:2},&quot;focusable&quot;:{}}\" data-content=\"ai-message\" aria-labelledby=\"Msto6Q8E8Uar5xbEwhiKK-author Msto6Q8E8Uar5xbEwhiKK-content\">\n<h4 class=\"space-y-3 break-words\"><strong>What\u2019s Included?<\/strong><\/h4>\n<ul>\n<li>A beautifully designed gift card in PDF format<\/li>\n<li>Free registration<\/li>\n<li>Access to all sections<\/li>\n<li>A printed version of the book<\/li>\n<li>Free WORLDWIDE shipping<\/li>\n<\/ul>\n<h4 class=\"space-y-3 break-words\"><strong>How It Works:<\/strong><\/h4>\n<div class=\"space-y-3 break-words\">\n<ul>\n<li>We email you a gift card in PDF format within a day.<\/li>\n<li>The card includes a unique coupon code and instructions.<\/li>\n<li>Give it to a friend or family member as a gift.<\/li>\n<\/ul>\n<p><strong>The gift card is valid for 36 months from the purchase date.<\/strong><\/p>\n<\/div>\n<\/div>","protected":false},"excerpt":{"rendered":"<p>Becoming a parent can be a wonderful and mixed bag of emotions. People experience the transition to parenthood in many different ways, and the best gift for a new mom is tailored to the individual.<br \/>\nBut if you\u2019re looking for ways to celebrate her, pamper her, and lovingly help her through those strenuous early days, we suggest our Baby&#8217;s First Year Book &#8211; it will bring pleasant emotions, memories, and ease of life with a newborn in the hands.<\/p>","protected":false},"featured_media":6504,"template":"","meta":{"_eb_attr":"","site-sidebar-layout":"default","site-content-layout":"default","ast-main-header-display":"","ast-hfb-above-header-display":"","ast-hfb-below-header-display":"","ast-hfb-mobile-header-display":"","site-post-title":"","ast-breadcrumbs-content":"","ast-featured-img":"","footer-sml-layout":"","theme-transparent-header-meta":"","adv-header-id-meta":"","stick-header-meta":"","header-above-stick-meta":"","header-main-stick-meta":"","header-below-stick-meta":""},"product_cat":[36],"product_tag":[],"class_list":["post-5758","product","type-product","status-publish","has-post-thumbnail","hentry","product_cat-gift-card"],"yoast_head":"<!-- This site is optimized with the Yoast SEO plugin v26.2 - https:\/\/yoast.com\/wordpress\/plugins\/seo\/ -->\n<title>Gift Card - Baby Memory Book<\/title>\n<meta name=\"description\" content=\"Baby&#039;s First Year Book - fill out digitally and order a printed version! Unique gift for new parents. Capture special moments without an effort.\" \/>\n<meta name=\"robots\" content=\"index, follow, max-snippet:-1, max-image-preview:large, max-video-preview:-1\" \/>\n<link rel=\"canonical\" href=\"https:\/\/babymemorybook.eu\/en\/veikals\/gift-card\/\" \/>\n<meta property=\"og:locale\" content=\"en_GB\" \/>\n<meta property=\"og:type\" content=\"article\" \/>\n<meta property=\"og:title\" content=\"Gift Card - Baby Memory Book\" \/>\n<meta property=\"og:description\" content=\"Baby&#039;s First Year Book - fill out digitally and order a printed version! Unique gift for new parents. Capture special moments without an effort.\" \/>\n<meta property=\"og:url\" content=\"https:\/\/babymemorybook.eu\/en\/veikals\/gift-card\/\" \/>\n<meta property=\"og:site_name\" content=\"Baby Memory Book\" \/>\n<meta property=\"article:modified_time\" content=\"2024-12-09T11:23:15+00:00\" \/>\n<meta property=\"og:image\" content=\"https:\/\/babymemorybook.eu\/wp-content\/uploads\/2022\/09\/BabyMemoryBook_F_Sandija_Veiksa-17-copy.jpg\" \/>\n\t<meta property=\"og:image:width\" content=\"1360\" \/>\n\t<meta property=\"og:image:height\" content=\"1360\" \/>\n\t<meta property=\"og:image:type\" content=\"image\/jpeg\" \/>\n<meta name=\"twitter:card\" content=\"summary_large_image\" \/>\n<meta name=\"twitter:label1\" content=\"Estimated reading time\" \/>\n\t<meta name=\"twitter:data1\" content=\"1 minute\" \/>\n<script type=\"application\/ld+json\" class=\"yoast-schema-graph\">{\"@context\":\"https:\/\/schema.org\",\"@graph\":[{\"@type\":\"WebPage\",\"@id\":\"https:\/\/babymemorybook.eu\/veikals\/gift-card\/\",\"url\":\"https:\/\/babymemorybook.eu\/veikals\/gift-card\/\",\"name\":\"Gift Card - Baby Memory Book\",\"isPartOf\":{\"@id\":\"https:\/\/babymemorybook.eu\/#website\"},\"primaryImageOfPage\":{\"@id\":\"https:\/\/babymemorybook.eu\/veikals\/gift-card\/#primaryimage\"},\"image\":{\"@id\":\"https:\/\/babymemorybook.eu\/veikals\/gift-card\/#primaryimage\"},\"thumbnailUrl\":\"https:\/\/babymemorybook.eu\/wp-content\/uploads\/2022\/09\/BabyMemoryBook_F_Sandija_Veiksa-17-copy.jpg\",\"datePublished\":\"2022-09-25T16:43:34+00:00\",\"dateModified\":\"2024-12-09T11:23:15+00:00\",\"description\":\"Baby's First Year Book - fill out digitally and order a printed version! Unique gift for new parents. Capture special moments without an effort.\",\"breadcrumb\":{\"@id\":\"https:\/\/babymemorybook.eu\/veikals\/gift-card\/#breadcrumb\"},\"inLanguage\":\"en-GB\",\"potentialAction\":[{\"@type\":\"ReadAction\",\"target\":[\"https:\/\/babymemorybook.eu\/veikals\/gift-card\/\"]}]},{\"@type\":\"ImageObject\",\"inLanguage\":\"en-GB\",\"@id\":\"https:\/\/babymemorybook.eu\/veikals\/gift-card\/#primaryimage\",\"url\":\"https:\/\/babymemorybook.eu\/wp-content\/uploads\/2022\/09\/BabyMemoryBook_F_Sandija_Veiksa-17-copy.jpg\",\"contentUrl\":\"https:\/\/babymemorybook.eu\/wp-content\/uploads\/2022\/09\/BabyMemoryBook_F_Sandija_Veiksa-17-copy.jpg\",\"width\":1360,\"height\":1360},{\"@type\":\"BreadcrumbList\",\"@id\":\"https:\/\/babymemorybook.eu\/veikals\/gift-card\/#breadcrumb\",\"itemListElement\":[{\"@type\":\"ListItem\",\"position\":1,\"name\":\"Home\",\"item\":\"https:\/\/babymemorybook.eu\/\"},{\"@type\":\"ListItem\",\"position\":2,\"name\":\"Shop\",\"item\":\"https:\/\/babymemorybook.eu\/shop\/\"},{\"@type\":\"ListItem\",\"position\":3,\"name\":\"Gift Card\"}]},{\"@type\":\"WebSite\",\"@id\":\"https:\/\/babymemorybook.eu\/#website\",\"url\":\"https:\/\/babymemorybook.eu\/\",\"name\":\"Baby Memory Book\",\"description\":\"Aizpildi digit\u0101li un sa\u0146em druk\u0101t\u0101 versij\u0101\",\"publisher\":{\"@id\":\"https:\/\/babymemorybook.eu\/#organization\"},\"potentialAction\":[{\"@type\":\"SearchAction\",\"target\":{\"@type\":\"EntryPoint\",\"urlTemplate\":\"https:\/\/babymemorybook.eu\/?s={search_term_string}\"},\"query-input\":{\"@type\":\"PropertyValueSpecification\",\"valueRequired\":true,\"valueName\":\"search_term_string\"}}],\"inLanguage\":\"en-GB\"},{\"@type\":\"Organization\",\"@id\":\"https:\/\/babymemorybook.eu\/#organization\",\"name\":\"Baby Memory Book\",\"url\":\"https:\/\/babymemorybook.eu\/\",\"logo\":{\"@type\":\"ImageObject\",\"inLanguage\":\"en-GB\",\"@id\":\"https:\/\/babymemorybook.eu\/#\/schema\/logo\/image\/\",\"url\":\"https:\/\/babymemorybook.eu\/wp-content\/uploads\/2022\/03\/cropped-cropped-Baby-memory-book-3.png\",\"contentUrl\":\"https:\/\/babymemorybook.eu\/wp-content\/uploads\/2022\/03\/cropped-cropped-Baby-memory-book-3.png\",\"width\":448,\"height\":92,\"caption\":\"Baby Memory Book\"},\"image\":{\"@id\":\"https:\/\/babymemorybook.eu\/#\/schema\/logo\/image\/\"}}]}<\/script>\n<!-- \/ Yoast SEO plugin. -->","yoast_head_json":{"title":"Gift Card - Baby Memory Book","description":"Baby's First Year Book - fill out digitally and order a printed version! Unique gift for new parents. Capture special moments without an effort.","robots":{"index":"index","follow":"follow","max-snippet":"max-snippet:-1","max-image-preview":"max-image-preview:large","max-video-preview":"max-video-preview:-1"},"canonical":"https:\/\/babymemorybook.eu\/en\/veikals\/gift-card\/","og_locale":"en_GB","og_type":"article","og_title":"Gift Card - Baby Memory Book","og_description":"Baby's First Year Book - fill out digitally and order a printed version! Unique gift for new parents. Capture special moments without an effort.","og_url":"https:\/\/babymemorybook.eu\/en\/veikals\/gift-card\/","og_site_name":"Baby Memory Book","article_modified_time":"2024-12-09T11:23:15+00:00","og_image":[{"width":1360,"height":1360,"url":"https:\/\/babymemorybook.eu\/wp-content\/uploads\/2022\/09\/BabyMemoryBook_F_Sandija_Veiksa-17-copy.jpg","type":"image\/jpeg"}],"twitter_card":"summary_large_image","twitter_misc":{"Estimated reading time":"1 minute"},"schema":{"@context":"https:\/\/schema.org","@graph":[{"@type":"WebPage","@id":"https:\/\/babymemorybook.eu\/veikals\/gift-card\/","url":"https:\/\/babymemorybook.eu\/veikals\/gift-card\/","name":"Gift Card - Baby Memory Book","isPartOf":{"@id":"https:\/\/babymemorybook.eu\/#website"},"primaryImageOfPage":{"@id":"https:\/\/babymemorybook.eu\/veikals\/gift-card\/#primaryimage"},"image":{"@id":"https:\/\/babymemorybook.eu\/veikals\/gift-card\/#primaryimage"},"thumbnailUrl":"https:\/\/babymemorybook.eu\/wp-content\/uploads\/2022\/09\/BabyMemoryBook_F_Sandija_Veiksa-17-copy.jpg","datePublished":"2022-09-25T16:43:34+00:00","dateModified":"2024-12-09T11:23:15+00:00","description":"Baby's First Year Book - fill out digitally and order a printed version! Unique gift for new parents. Capture special moments without an effort.","breadcrumb":{"@id":"https:\/\/babymemorybook.eu\/veikals\/gift-card\/#breadcrumb"},"inLanguage":"en-GB","potentialAction":[{"@type":"ReadAction","target":["https:\/\/babymemorybook.eu\/veikals\/gift-card\/"]}]},{"@type":"ImageObject","inLanguage":"en-GB","@id":"https:\/\/babymemorybook.eu\/veikals\/gift-card\/#primaryimage","url":"https:\/\/babymemorybook.eu\/wp-content\/uploads\/2022\/09\/BabyMemoryBook_F_Sandija_Veiksa-17-copy.jpg","contentUrl":"https:\/\/babymemorybook.eu\/wp-content\/uploads\/2022\/09\/BabyMemoryBook_F_Sandija_Veiksa-17-copy.jpg","width":1360,"height":1360},{"@type":"BreadcrumbList","@id":"https:\/\/babymemorybook.eu\/veikals\/gift-card\/#breadcrumb","itemListElement":[{"@type":"ListItem","position":1,"name":"Home","item":"https:\/\/babymemorybook.eu\/"},{"@type":"ListItem","position":2,"name":"Shop","item":"https:\/\/babymemorybook.eu\/shop\/"},{"@type":"ListItem","position":3,"name":"Gift Card"}]},{"@type":"WebSite","@id":"https:\/\/babymemorybook.eu\/#website","url":"https:\/\/babymemorybook.eu\/","name":"Baby Memory Book","description":"Aizpildi digit\u0101li un sa\u0146em druk\u0101t\u0101 versij\u0101","publisher":{"@id":"https:\/\/babymemorybook.eu\/#organization"},"potentialAction":[{"@type":"SearchAction","target":{"@type":"EntryPoint","urlTemplate":"https:\/\/babymemorybook.eu\/?s={search_term_string}"},"query-input":{"@type":"PropertyValueSpecification","valueRequired":true,"valueName":"search_term_string"}}],"inLanguage":"en-GB"},{"@type":"Organization","@id":"https:\/\/babymemorybook.eu\/#organization","name":"Baby Memory Book","url":"https:\/\/babymemorybook.eu\/","logo":{"@type":"ImageObject","inLanguage":"en-GB","@id":"https:\/\/babymemorybook.eu\/#\/schema\/logo\/image\/","url":"https:\/\/babymemorybook.eu\/wp-content\/uploads\/2022\/03\/cropped-cropped-Baby-memory-book-3.png","contentUrl":"https:\/\/babymemorybook.eu\/wp-content\/uploads\/2022\/03\/cropped-cropped-Baby-memory-book-3.png","width":448,"height":92,"caption":"Baby Memory Book"},"image":{"@id":"https:\/\/babymemorybook.eu\/#\/schema\/logo\/image\/"}}]}},"_links":{"self":[{"href":"https:\/\/babymemorybook.eu\/en\/wp-json\/wp\/v2\/product\/5758","targetHints":{"allow":["GET"]}}],"collection":[{"href":"https:\/\/babymemorybook.eu\/en\/wp-json\/wp\/v2\/product"}],"about":[{"href":"https:\/\/babymemorybook.eu\/en\/wp-json\/wp\/v2\/types\/product"}],"wp:featuredmedia":[{"embeddable":true,"href":"https:\/\/babymemorybook.eu\/en\/wp-json\/wp\/v2\/media\/6504"}],"wp:attachment":[{"href":"https:\/\/babymemorybook.eu\/en\/wp-json\/wp\/v2\/media?parent=5758"}],"wp:term":[{"taxonomy":"product_cat","embeddable":true,"href":"https:\/\/babymemorybook.eu\/en\/wp-json\/wp\/v2\/product_cat?post=5758"},{"taxonomy":"product_tag","embeddable":true,"href":"https:\/\/babymemorybook.eu\/en\/wp-json\/wp\/v2\/product_tag?post=5758"}],"curies":[{"name":"wp","href":"https:\/\/api.w.org\/{rel}","templated":true}]}}